{"id":3615,"date":"2025-12-02T12:26:49","date_gmt":"2025-12-02T12:26:49","guid":{"rendered":"https:\/\/wpc-expert.ro\/?post_type=product&#038;p=3615"},"modified":"2025-12-02T12:29:13","modified_gmt":"2025-12-02T12:29:13","slug":"automatizare-poarta-autobatanta-model-ixengo-somfy","status":"publish","type":"product","link":"https:\/\/wpc-expert.ro\/en\/produse\/automatizare-poarta-autobatanta-model-ixengo-somfy\/","title":{"rendered":"Automatizare Poarta Autobatanta, Model IXENGO, Somfy"},"content":{"rendered":"<p data-start=\"266\" data-end=\"653\"><b>Somfy IXENGO<\/b>\u00a0este o alegere ideal\u0103 pentru automatizarea por\u021bilor batante, fiind proiectat\u0103 special pentru a oferi\u00a0<b>fiabilitate, siguran\u021b\u0103 \u0219i confort<\/b>\u00a0\u00een utilizare zilnic\u0103.<br \/>\nRecomandat\u0103 at\u00e2t pentru\u00a0<b>locuin\u021be individuale, c\u00e2t \u0219i pentru ansambluri reziden\u021biale<\/b>\u00a0sau\u00a0<b>propriet\u0103\u021bi colective<\/b>, aceast\u0103 solu\u021bie combin\u0103 tehnologia avansat\u0103 cu o construc\u021bie robust\u0103, adaptat\u0103 la utilizare intensiv\u0103.<\/p>\n<p data-start=\"655\" data-end=\"984\">Ce o face special\u0103? Sistemul IXENGO func\u021bioneaz\u0103\u00a0<b>silen\u021bios\u00a0<\/b>\u0219i\u00a0<b>eficient<\/b>, av\u00e2nd o mi\u0219care\u00a0<b>lin\u0103 \u0219i controlat\u0103<\/b>, perfect\u0103 pentru cei care \u00ee\u0219i doresc o poart\u0103 automatizat\u0103 de \u00eencredere, indiferent de sezon.\u00a0<b>Poate fi folosit\u0103 \u00een condi\u021bii meteo dificile, iar \u00eentre\u021binerea este minim\u0103,<\/b>\u00a0datorit\u0103 sistemului intern de lubrifiere permanent\u0103.<\/p>\n<p data-start=\"986\" data-end=\"1144\">Un alt avantaj important este\u00a0<b>u\u0219urin\u021ba \u00een utilizare<\/b>\u00a0\u2013 chiar \u0219i \u00een cazul unei pene de curent, poarta\u00a0<b>poate fi ac\u021bionat\u0103 manual cu ajutorul unei chei dedicate.<\/b><\/p>\n<p data-start=\"1146\" data-end=\"1326\">Somfy IXENGO \u00eenseamn\u0103\u00a0<b>siguran\u021b\u0103<\/b>,\u00a0<b>durabilitate\u00a0<\/b>\u0219i\u00a0<b>confort\u00a0<\/b>\u2013 o investi\u021bie\u00a0inteligent\u0103 pentru orice proprietate care are nevoie de automatizare de calitate pentru por\u021bile batante.<\/p>","protected":false},"excerpt":{"rendered":"<p>Somfy IXENGO\u00a0este o alegere ideal\u0103 pentru automatizarea por\u021bilor batante, fiind proiectat\u0103 special pentru a oferi\u00a0fiabilitate, siguran\u021b\u0103 \u0219i confort\u00a0\u00een utilizare zilnic\u0103. Recomandat\u0103 at\u00e2t pentru\u00a0locuin\u021be individuale, c\u00e2t \u0219i pentru ansambluri reziden\u021biale\u00a0sau\u00a0propriet\u0103\u021bi colective, aceast\u0103 solu\u021bie combin\u0103 tehnologia avansat\u0103 cu o construc\u021bie robust\u0103, adaptat\u0103 la utilizare intensiv\u0103. Ce o face special\u0103? Sistemul IXENGO func\u021bioneaz\u0103\u00a0silen\u021bios\u00a0\u0219i\u00a0eficient, av\u00e2nd o mi\u0219care\u00a0lin\u0103 \u0219i controlat\u0103, [&hellip;]<\/p>\n","protected":false},"featured_media":3616,"template":"","meta":[],"product_brand":[],"product_cat":[41,18,17],"product_tag":[],"class_list":{"0":"post-3615","1":"product","2":"type-product","3":"status-publish","4":"has-post-thumbnail","6":"product_cat-automatizare-si-accesorii","7":"product_cat-porti-la-comanda","8":"product_cat-porti-standard","10":"first","11":"instock","12":"shipping-taxable","13":"product-type-simple"},"yoast_head":"<!-- This site is optimized with the Yoast SEO plugin v26.5 - https:\/\/yoast.com\/wordpress\/plugins\/seo\/ -->\n<title>Automatizare Poarta Autobatanta, Model IXENGO, Somfy - WPC Pro Expert<\/title>\n<meta name=\"description\" content=\"Automatizare Poarta Autobatanta, Model IXENGO, Somfy - WPC Pro Expert Brasov\" \/>\n<meta name=\"robots\" content=\"index, follow, max-snippet:-1, max-image-preview:large, max-video-preview:-1\" \/>\n<link rel=\"canonical\" href=\"https:\/\/wpc-expert.ro\/en\/produse\/automatizare-poarta-autobatanta-model-ixengo-somfy\/\" \/>\n<meta property=\"og:locale\" content=\"en_US\" \/>\n<meta property=\"og:type\" content=\"article\" \/>\n<meta property=\"og:title\" content=\"Automatizare Poarta Autobatanta, Model IXENGO, Somfy - WPC Pro Expert\" \/>\n<meta property=\"og:description\" content=\"Automatizare Poarta Autobatanta, Model IXENGO, Somfy - WPC Pro Expert Brasov\" \/>\n<meta property=\"og:url\" content=\"https:\/\/wpc-expert.ro\/en\/produse\/automatizare-poarta-autobatanta-model-ixengo-somfy\/\" \/>\n<meta property=\"og:site_name\" content=\"WPC Pro Expert\" \/>\n<meta property=\"article:modified_time\" content=\"2025-12-02T12:29:13+00:00\" \/>\n<meta property=\"og:image\" content=\"https:\/\/wpc-expert.ro\/wp-content\/uploads\/2025\/12\/Automatizare-Poarta-Autobatanta-Model-IXENGO-Somfy.webp\" \/>\n\t<meta property=\"og:image:width\" content=\"1800\" \/>\n\t<meta property=\"og:image:height\" content=\"1161\" \/>\n\t<meta property=\"og:image:type\" content=\"image\/webp\" \/>\n<meta name=\"twitter:card\" content=\"summary_large_image\" \/>\n<meta name=\"twitter:label1\" content=\"Est. reading time\" \/>\n\t<meta name=\"twitter:data1\" content=\"1 minute\" \/>\n<script type=\"application\/ld+json\" class=\"yoast-schema-graph\">{\"@context\":\"https:\/\/schema.org\",\"@graph\":[{\"@type\":\"WebPage\",\"@id\":\"https:\/\/wpc-expert.ro\/produse\/automatizare-poarta-autobatanta-model-ixengo-somfy\/\",\"url\":\"https:\/\/wpc-expert.ro\/produse\/automatizare-poarta-autobatanta-model-ixengo-somfy\/\",\"name\":\"Automatizare Poarta Autobatanta, Model IXENGO, Somfy - WPC Pro Expert\",\"isPartOf\":{\"@id\":\"https:\/\/wpc-expert.ro\/#website\"},\"primaryImageOfPage\":{\"@id\":\"https:\/\/wpc-expert.ro\/produse\/automatizare-poarta-autobatanta-model-ixengo-somfy\/#primaryimage\"},\"image\":{\"@id\":\"https:\/\/wpc-expert.ro\/produse\/automatizare-poarta-autobatanta-model-ixengo-somfy\/#primaryimage\"},\"thumbnailUrl\":\"https:\/\/wpc-expert.ro\/wp-content\/uploads\/2025\/12\/Automatizare-Poarta-Autobatanta-Model-IXENGO-Somfy.webp\",\"datePublished\":\"2025-12-02T12:26:49+00:00\",\"dateModified\":\"2025-12-02T12:29:13+00:00\",\"description\":\"Automatizare Poarta Autobatanta, Model IXENGO, Somfy - WPC Pro Expert Brasov\",\"breadcrumb\":{\"@id\":\"https:\/\/wpc-expert.ro\/produse\/automatizare-poarta-autobatanta-model-ixengo-somfy\/#breadcrumb\"},\"inLanguage\":\"en-US\",\"potentialAction\":[{\"@type\":\"ReadAction\",\"target\":[\"https:\/\/wpc-expert.ro\/produse\/automatizare-poarta-autobatanta-model-ixengo-somfy\/\"]}]},{\"@type\":\"ImageObject\",\"inLanguage\":\"en-US\",\"@id\":\"https:\/\/wpc-expert.ro\/produse\/automatizare-poarta-autobatanta-model-ixengo-somfy\/#primaryimage\",\"url\":\"https:\/\/wpc-expert.ro\/wp-content\/uploads\/2025\/12\/Automatizare-Poarta-Autobatanta-Model-IXENGO-Somfy.webp\",\"contentUrl\":\"https:\/\/wpc-expert.ro\/wp-content\/uploads\/2025\/12\/Automatizare-Poarta-Autobatanta-Model-IXENGO-Somfy.webp\",\"width\":1800,\"height\":1161},{\"@type\":\"BreadcrumbList\",\"@id\":\"https:\/\/wpc-expert.ro\/produse\/automatizare-poarta-autobatanta-model-ixengo-somfy\/#breadcrumb\",\"itemListElement\":[{\"@type\":\"ListItem\",\"position\":1,\"name\":\"Prima pagin\u0103\",\"item\":\"https:\/\/wpc-expert.ro\/\"},{\"@type\":\"ListItem\",\"position\":2,\"name\":\"Magazin\",\"item\":\"https:\/\/wpc-expert.ro\/magazin\/\"},{\"@type\":\"ListItem\",\"position\":3,\"name\":\"Automatizare Poarta Autobatanta, Model IXENGO, Somfy\"}]},{\"@type\":\"WebSite\",\"@id\":\"https:\/\/wpc-expert.ro\/#website\",\"url\":\"https:\/\/wpc-expert.ro\/\",\"name\":\"WPC Pro Expert\",\"description\":\"Expertii profilelor WPC (lemn compozit) din judetul Brasov\",\"publisher\":{\"@id\":\"https:\/\/wpc-expert.ro\/#organization\"},\"potentialAction\":[{\"@type\":\"SearchAction\",\"target\":{\"@type\":\"EntryPoint\",\"urlTemplate\":\"https:\/\/wpc-expert.ro\/?s={search_term_string}\"},\"query-input\":{\"@type\":\"PropertyValueSpecification\",\"valueRequired\":true,\"valueName\":\"search_term_string\"}}],\"inLanguage\":\"en-US\"},{\"@type\":\"Organization\",\"@id\":\"https:\/\/wpc-expert.ro\/#organization\",\"name\":\"WPC Pro Expert\",\"url\":\"https:\/\/wpc-expert.ro\/\",\"logo\":{\"@type\":\"ImageObject\",\"inLanguage\":\"en-US\",\"@id\":\"https:\/\/wpc-expert.ro\/#\/schema\/logo\/image\/\",\"url\":\"https:\/\/wpc-expert.ro\/wp-content\/uploads\/2024\/05\/wpc.jpg\",\"contentUrl\":\"https:\/\/wpc-expert.ro\/wp-content\/uploads\/2024\/05\/wpc.jpg\",\"width\":299,\"height\":169,\"caption\":\"WPC Pro Expert\"},\"image\":{\"@id\":\"https:\/\/wpc-expert.ro\/#\/schema\/logo\/image\/\"}}]}<\/script>\n<!-- \/ Yoast SEO plugin. -->","yoast_head_json":{"title":"Automatizare Poarta Autobatanta, Model IXENGO, Somfy - WPC Pro Expert","description":"Automatizare Poarta Autobatanta, Model IXENGO, Somfy - WPC Pro Expert Brasov","robots":{"index":"index","follow":"follow","max-snippet":"max-snippet:-1","max-image-preview":"max-image-preview:large","max-video-preview":"max-video-preview:-1"},"canonical":"https:\/\/wpc-expert.ro\/en\/produse\/automatizare-poarta-autobatanta-model-ixengo-somfy\/","og_locale":"en_US","og_type":"article","og_title":"Automatizare Poarta Autobatanta, Model IXENGO, Somfy - WPC Pro Expert","og_description":"Automatizare Poarta Autobatanta, Model IXENGO, Somfy - WPC Pro Expert Brasov","og_url":"https:\/\/wpc-expert.ro\/en\/produse\/automatizare-poarta-autobatanta-model-ixengo-somfy\/","og_site_name":"WPC Pro Expert","article_modified_time":"2025-12-02T12:29:13+00:00","og_image":[{"width":1800,"height":1161,"url":"https:\/\/wpc-expert.ro\/wp-content\/uploads\/2025\/12\/Automatizare-Poarta-Autobatanta-Model-IXENGO-Somfy.webp","type":"image\/webp"}],"twitter_card":"summary_large_image","twitter_misc":{"Est. reading time":"1 minute"},"schema":{"@context":"https:\/\/schema.org","@graph":[{"@type":"WebPage","@id":"https:\/\/wpc-expert.ro\/produse\/automatizare-poarta-autobatanta-model-ixengo-somfy\/","url":"https:\/\/wpc-expert.ro\/produse\/automatizare-poarta-autobatanta-model-ixengo-somfy\/","name":"Automatizare Poarta Autobatanta, Model IXENGO, Somfy - WPC Pro Expert","isPartOf":{"@id":"https:\/\/wpc-expert.ro\/#website"},"primaryImageOfPage":{"@id":"https:\/\/wpc-expert.ro\/produse\/automatizare-poarta-autobatanta-model-ixengo-somfy\/#primaryimage"},"image":{"@id":"https:\/\/wpc-expert.ro\/produse\/automatizare-poarta-autobatanta-model-ixengo-somfy\/#primaryimage"},"thumbnailUrl":"https:\/\/wpc-expert.ro\/wp-content\/uploads\/2025\/12\/Automatizare-Poarta-Autobatanta-Model-IXENGO-Somfy.webp","datePublished":"2025-12-02T12:26:49+00:00","dateModified":"2025-12-02T12:29:13+00:00","description":"Automatizare Poarta Autobatanta, Model IXENGO, Somfy - WPC Pro Expert Brasov","breadcrumb":{"@id":"https:\/\/wpc-expert.ro\/produse\/automatizare-poarta-autobatanta-model-ixengo-somfy\/#breadcrumb"},"inLanguage":"en-US","potentialAction":[{"@type":"ReadAction","target":["https:\/\/wpc-expert.ro\/produse\/automatizare-poarta-autobatanta-model-ixengo-somfy\/"]}]},{"@type":"ImageObject","inLanguage":"en-US","@id":"https:\/\/wpc-expert.ro\/produse\/automatizare-poarta-autobatanta-model-ixengo-somfy\/#primaryimage","url":"https:\/\/wpc-expert.ro\/wp-content\/uploads\/2025\/12\/Automatizare-Poarta-Autobatanta-Model-IXENGO-Somfy.webp","contentUrl":"https:\/\/wpc-expert.ro\/wp-content\/uploads\/2025\/12\/Automatizare-Poarta-Autobatanta-Model-IXENGO-Somfy.webp","width":1800,"height":1161},{"@type":"BreadcrumbList","@id":"https:\/\/wpc-expert.ro\/produse\/automatizare-poarta-autobatanta-model-ixengo-somfy\/#breadcrumb","itemListElement":[{"@type":"ListItem","position":1,"name":"Prima pagin\u0103","item":"https:\/\/wpc-expert.ro\/"},{"@type":"ListItem","position":2,"name":"Magazin","item":"https:\/\/wpc-expert.ro\/magazin\/"},{"@type":"ListItem","position":3,"name":"Automatizare Poarta Autobatanta, Model IXENGO, Somfy"}]},{"@type":"WebSite","@id":"https:\/\/wpc-expert.ro\/#website","url":"https:\/\/wpc-expert.ro\/","name":"WPC Pro Expert","description":"Expertii profilelor WPC (lemn compozit) din judetul Brasov","publisher":{"@id":"https:\/\/wpc-expert.ro\/#organization"},"potentialAction":[{"@type":"SearchAction","target":{"@type":"EntryPoint","urlTemplate":"https:\/\/wpc-expert.ro\/?s={search_term_string}"},"query-input":{"@type":"PropertyValueSpecification","valueRequired":true,"valueName":"search_term_string"}}],"inLanguage":"en-US"},{"@type":"Organization","@id":"https:\/\/wpc-expert.ro\/#organization","name":"WPC Pro Expert","url":"https:\/\/wpc-expert.ro\/","logo":{"@type":"ImageObject","inLanguage":"en-US","@id":"https:\/\/wpc-expert.ro\/#\/schema\/logo\/image\/","url":"https:\/\/wpc-expert.ro\/wp-content\/uploads\/2024\/05\/wpc.jpg","contentUrl":"https:\/\/wpc-expert.ro\/wp-content\/uploads\/2024\/05\/wpc.jpg","width":299,"height":169,"caption":"WPC Pro Expert"},"image":{"@id":"https:\/\/wpc-expert.ro\/#\/schema\/logo\/image\/"}}]}},"_links":{"self":[{"href":"https:\/\/wpc-expert.ro\/en\/wp-json\/wp\/v2\/product\/3615","targetHints":{"allow":["GET"]}}],"collection":[{"href":"https:\/\/wpc-expert.ro\/en\/wp-json\/wp\/v2\/product"}],"about":[{"href":"https:\/\/wpc-expert.ro\/en\/wp-json\/wp\/v2\/types\/product"}],"wp:featuredmedia":[{"embeddable":true,"href":"https:\/\/wpc-expert.ro\/en\/wp-json\/wp\/v2\/media\/3616"}],"wp:attachment":[{"href":"https:\/\/wpc-expert.ro\/en\/wp-json\/wp\/v2\/media?parent=3615"}],"wp:term":[{"taxonomy":"product_brand","embeddable":true,"href":"https:\/\/wpc-expert.ro\/en\/wp-json\/wp\/v2\/product_brand?post=3615"},{"taxonomy":"product_cat","embeddable":true,"href":"https:\/\/wpc-expert.ro\/en\/wp-json\/wp\/v2\/product_cat?post=3615"},{"taxonomy":"product_tag","embeddable":true,"href":"https:\/\/wpc-expert.ro\/en\/wp-json\/wp\/v2\/product_tag?post=3615"}],"curies":[{"name":"wp","href":"https:\/\/api.w.org\/{rel}","templated":true}]}}