{"id":3617,"date":"2025-12-02T12:27:16","date_gmt":"2025-12-02T12:27:16","guid":{"rendered":"https:\/\/wpc-expert.ro\/?post_type=product&#038;p=3617"},"modified":"2025-12-02T12:29:13","modified_gmt":"2025-12-02T12:29:13","slug":"automatizare-poarta-culisanta-model-elixo-3s-m-io-somfy-3s-m-io","status":"publish","type":"product","link":"https:\/\/wpc-expert.ro\/en\/produse\/automatizare-poarta-culisanta-model-elixo-3s-m-io-somfy-3s-m-io\/","title":{"rendered":"Automatizare Poarta Culisanta, Model ELIXO 3S M IO, Somfy 3S M IO"},"content":{"rendered":"<p data-pm-slice=\"0 0 []\"><b>Somfy ELIXO<\/b>\u00a0este alegerea ideal\u0103 pentru automatizarea por\u021bilor culisante, fiind conceput pentru a oferi\u00a0<b>performan\u021b\u0103 constant\u0103<\/b>,\u00a0<b>siguran\u021b\u0103\u00a0<\/b>sporit\u0103 \u0219i o experien\u021b\u0103 de utilizare c\u00e2t mai\u00a0<b>confortabil\u0103<\/b>, zi de zi.<\/p>\n<p>&nbsp;<\/p>\n<p>Potrivit at\u00e2t pentru locuin\u021be\u00a0<b>individuale<\/b>, c\u00e2t \u0219i pentru\u00a0<b>propriet\u0103\u021bi\u00a0<\/b>cu\u00a0<b>trafic mediu<\/b>, ELIXO se remarc\u0103 prin construc\u021bia\u00a0<b>robust\u0103\u00a0<\/b>\u0219i tehnologia\u00a0<b>inteligent\u0103\u00a0<\/b>care asigur\u0103 o func\u021bionare precis\u0103 \u0219i silen\u021bioas\u0103,\u00a0<b>indiferent de anotimp<\/b>.<\/p>\n<p>&nbsp;<\/p>\n<p>Ce \u00eel face special? Kitul ELIXO este\u00a0<b>u\u0219or de instalat\u00a0<\/b>\u0219i\u00a0<b>configurat<\/b>, av\u00e2nd componente optimizate pentru durabilitate \u0219i eficien\u021b\u0103 energetic\u0103. Motorul\u00a0<b>este puternic<\/b>, dar\u00a0<b>compact<\/b>, fiind proiectat pentru utilizare frecvent\u0103, f\u0103r\u0103 a compromite siguran\u021ba sau confortul. Sistemul include func\u021bii de\u00a0<b>detec\u021bie a obstacolelor<\/b>,\u00a0<b>\u00eenchidere automat\u0103\u00a0<\/b>\u0219i\u00a0<b>deblocare manual\u0103\u00a0<\/b>\u00een caz de pan\u0103 de curent, ceea ce \u00eel face ideal pentru orice tip de utilizator.<\/p>\n<p>&nbsp;<\/p>\n<p>Somfy ELIXO \u00eenseamn\u0103\u00a0<b>fiabilitate<\/b>,\u00a0<b>control total\u00a0<\/b>\u0219i o\u00a0<b>solu\u021bie elegant\u0103\u00a0<\/b>pentru gestionarea accesului prin por\u021bi culisante \u2013 o investi\u021bie sigur\u0103 pentru un stil de via\u021b\u0103 modern \u0219i lipsit de griji.<\/p>","protected":false},"excerpt":{"rendered":"<p>Somfy ELIXO\u00a0este alegerea ideal\u0103 pentru automatizarea por\u021bilor culisante, fiind conceput pentru a oferi\u00a0performan\u021b\u0103 constant\u0103,\u00a0siguran\u021b\u0103\u00a0sporit\u0103 \u0219i o experien\u021b\u0103 de utilizare c\u00e2t mai\u00a0confortabil\u0103, zi de zi. &nbsp; Potrivit at\u00e2t pentru locuin\u021be\u00a0individuale, c\u00e2t \u0219i pentru\u00a0propriet\u0103\u021bi\u00a0cu\u00a0trafic mediu, ELIXO se remarc\u0103 prin construc\u021bia\u00a0robust\u0103\u00a0\u0219i tehnologia\u00a0inteligent\u0103\u00a0care asigur\u0103 o func\u021bionare precis\u0103 \u0219i silen\u021bioas\u0103,\u00a0indiferent de anotimp. &nbsp; Ce \u00eel face special? Kitul ELIXO este\u00a0u\u0219or [&hellip;]<\/p>\n","protected":false},"featured_media":3618,"template":"","meta":[],"product_brand":[],"product_cat":[41,18,17],"product_tag":[],"class_list":{"0":"post-3617","1":"product","2":"type-product","3":"status-publish","4":"has-post-thumbnail","6":"product_cat-automatizare-si-accesorii","7":"product_cat-porti-la-comanda","8":"product_cat-porti-standard","10":"first","11":"instock","12":"shipping-taxable","13":"product-type-simple"},"yoast_head":"<!-- This site is optimized with the Yoast SEO plugin v26.5 - https:\/\/yoast.com\/wordpress\/plugins\/seo\/ -->\n<title>Automatizare Poarta Culisanta, Model ELIXO 3S M IO, Somfy 3S M IO - WPC Pro Expert<\/title>\n<meta name=\"description\" content=\"Automatizare Poarta Culisanta, Model ELIXO 3S M IO, Somfy 3S M IO - WPC Pro Expert Brasov\" \/>\n<meta name=\"robots\" content=\"index, follow, max-snippet:-1, max-image-preview:large, max-video-preview:-1\" \/>\n<link rel=\"canonical\" href=\"https:\/\/wpc-expert.ro\/en\/produse\/automatizare-poarta-culisanta-model-elixo-3s-m-io-somfy-3s-m-io\/\" \/>\n<meta property=\"og:locale\" content=\"en_US\" \/>\n<meta property=\"og:type\" content=\"article\" \/>\n<meta property=\"og:title\" content=\"Automatizare Poarta Culisanta, Model ELIXO 3S M IO, Somfy 3S M IO - WPC Pro Expert\" \/>\n<meta property=\"og:description\" content=\"Automatizare Poarta Culisanta, Model ELIXO 3S M IO, Somfy 3S M IO - WPC Pro Expert Brasov\" \/>\n<meta property=\"og:url\" content=\"https:\/\/wpc-expert.ro\/en\/produse\/automatizare-poarta-culisanta-model-elixo-3s-m-io-somfy-3s-m-io\/\" \/>\n<meta property=\"og:site_name\" content=\"WPC Pro Expert\" \/>\n<meta property=\"article:modified_time\" content=\"2025-12-02T12:29:13+00:00\" \/>\n<meta property=\"og:image\" content=\"https:\/\/wpc-expert.ro\/wp-content\/uploads\/2025\/12\/Automatizare-Poarta-Culisanta-Model-ELIXO-3S-M-IO-Somfy-3S-M-IO.webp\" \/>\n\t<meta property=\"og:image:width\" content=\"1800\" \/>\n\t<meta property=\"og:image:height\" content=\"1161\" \/>\n\t<meta property=\"og:image:type\" content=\"image\/webp\" \/>\n<meta name=\"twitter:card\" content=\"summary_large_image\" \/>\n<meta name=\"twitter:label1\" content=\"Est. reading time\" \/>\n\t<meta name=\"twitter:data1\" content=\"1 minute\" \/>\n<script type=\"application\/ld+json\" class=\"yoast-schema-graph\">{\"@context\":\"https:\/\/schema.org\",\"@graph\":[{\"@type\":\"WebPage\",\"@id\":\"https:\/\/wpc-expert.ro\/produse\/automatizare-poarta-culisanta-model-elixo-3s-m-io-somfy-3s-m-io\/\",\"url\":\"https:\/\/wpc-expert.ro\/produse\/automatizare-poarta-culisanta-model-elixo-3s-m-io-somfy-3s-m-io\/\",\"name\":\"Automatizare Poarta Culisanta, Model ELIXO 3S M IO, Somfy 3S M IO - WPC Pro Expert\",\"isPartOf\":{\"@id\":\"https:\/\/wpc-expert.ro\/#website\"},\"primaryImageOfPage\":{\"@id\":\"https:\/\/wpc-expert.ro\/produse\/automatizare-poarta-culisanta-model-elixo-3s-m-io-somfy-3s-m-io\/#primaryimage\"},\"image\":{\"@id\":\"https:\/\/wpc-expert.ro\/produse\/automatizare-poarta-culisanta-model-elixo-3s-m-io-somfy-3s-m-io\/#primaryimage\"},\"thumbnailUrl\":\"https:\/\/wpc-expert.ro\/wp-content\/uploads\/2025\/12\/Automatizare-Poarta-Culisanta-Model-ELIXO-3S-M-IO-Somfy-3S-M-IO.webp\",\"datePublished\":\"2025-12-02T12:27:16+00:00\",\"dateModified\":\"2025-12-02T12:29:13+00:00\",\"description\":\"Automatizare Poarta Culisanta, Model ELIXO 3S M IO, Somfy 3S M IO - WPC Pro Expert Brasov\",\"breadcrumb\":{\"@id\":\"https:\/\/wpc-expert.ro\/produse\/automatizare-poarta-culisanta-model-elixo-3s-m-io-somfy-3s-m-io\/#breadcrumb\"},\"inLanguage\":\"en-US\",\"potentialAction\":[{\"@type\":\"ReadAction\",\"target\":[\"https:\/\/wpc-expert.ro\/produse\/automatizare-poarta-culisanta-model-elixo-3s-m-io-somfy-3s-m-io\/\"]}]},{\"@type\":\"ImageObject\",\"inLanguage\":\"en-US\",\"@id\":\"https:\/\/wpc-expert.ro\/produse\/automatizare-poarta-culisanta-model-elixo-3s-m-io-somfy-3s-m-io\/#primaryimage\",\"url\":\"https:\/\/wpc-expert.ro\/wp-content\/uploads\/2025\/12\/Automatizare-Poarta-Culisanta-Model-ELIXO-3S-M-IO-Somfy-3S-M-IO.webp\",\"contentUrl\":\"https:\/\/wpc-expert.ro\/wp-content\/uploads\/2025\/12\/Automatizare-Poarta-Culisanta-Model-ELIXO-3S-M-IO-Somfy-3S-M-IO.webp\",\"width\":1800,\"height\":1161},{\"@type\":\"BreadcrumbList\",\"@id\":\"https:\/\/wpc-expert.ro\/produse\/automatizare-poarta-culisanta-model-elixo-3s-m-io-somfy-3s-m-io\/#breadcrumb\",\"itemListElement\":[{\"@type\":\"ListItem\",\"position\":1,\"name\":\"Prima pagin\u0103\",\"item\":\"https:\/\/wpc-expert.ro\/\"},{\"@type\":\"ListItem\",\"position\":2,\"name\":\"Magazin\",\"item\":\"https:\/\/wpc-expert.ro\/magazin\/\"},{\"@type\":\"ListItem\",\"position\":3,\"name\":\"Automatizare Poarta Culisanta, Model ELIXO 3S M IO, Somfy 3S M IO\"}]},{\"@type\":\"WebSite\",\"@id\":\"https:\/\/wpc-expert.ro\/#website\",\"url\":\"https:\/\/wpc-expert.ro\/\",\"name\":\"WPC Pro Expert\",\"description\":\"Expertii profilelor WPC (lemn compozit) din judetul Brasov\",\"publisher\":{\"@id\":\"https:\/\/wpc-expert.ro\/#organization\"},\"potentialAction\":[{\"@type\":\"SearchAction\",\"target\":{\"@type\":\"EntryPoint\",\"urlTemplate\":\"https:\/\/wpc-expert.ro\/?s={search_term_string}\"},\"query-input\":{\"@type\":\"PropertyValueSpecification\",\"valueRequired\":true,\"valueName\":\"search_term_string\"}}],\"inLanguage\":\"en-US\"},{\"@type\":\"Organization\",\"@id\":\"https:\/\/wpc-expert.ro\/#organization\",\"name\":\"WPC Pro Expert\",\"url\":\"https:\/\/wpc-expert.ro\/\",\"logo\":{\"@type\":\"ImageObject\",\"inLanguage\":\"en-US\",\"@id\":\"https:\/\/wpc-expert.ro\/#\/schema\/logo\/image\/\",\"url\":\"https:\/\/wpc-expert.ro\/wp-content\/uploads\/2024\/05\/wpc.jpg\",\"contentUrl\":\"https:\/\/wpc-expert.ro\/wp-content\/uploads\/2024\/05\/wpc.jpg\",\"width\":299,\"height\":169,\"caption\":\"WPC Pro Expert\"},\"image\":{\"@id\":\"https:\/\/wpc-expert.ro\/#\/schema\/logo\/image\/\"}}]}<\/script>\n<!-- \/ Yoast SEO plugin. -->","yoast_head_json":{"title":"Automatizare Poarta Culisanta, Model ELIXO 3S M IO, Somfy 3S M IO - WPC Pro Expert","description":"Automatizare Poarta Culisanta, Model ELIXO 3S M IO, Somfy 3S M IO - WPC Pro Expert Brasov","robots":{"index":"index","follow":"follow","max-snippet":"max-snippet:-1","max-image-preview":"max-image-preview:large","max-video-preview":"max-video-preview:-1"},"canonical":"https:\/\/wpc-expert.ro\/en\/produse\/automatizare-poarta-culisanta-model-elixo-3s-m-io-somfy-3s-m-io\/","og_locale":"en_US","og_type":"article","og_title":"Automatizare Poarta Culisanta, Model ELIXO 3S M IO, Somfy 3S M IO - WPC Pro Expert","og_description":"Automatizare Poarta Culisanta, Model ELIXO 3S M IO, Somfy 3S M IO - WPC Pro Expert Brasov","og_url":"https:\/\/wpc-expert.ro\/en\/produse\/automatizare-poarta-culisanta-model-elixo-3s-m-io-somfy-3s-m-io\/","og_site_name":"WPC Pro Expert","article_modified_time":"2025-12-02T12:29:13+00:00","og_image":[{"width":1800,"height":1161,"url":"https:\/\/wpc-expert.ro\/wp-content\/uploads\/2025\/12\/Automatizare-Poarta-Culisanta-Model-ELIXO-3S-M-IO-Somfy-3S-M-IO.webp","type":"image\/webp"}],"twitter_card":"summary_large_image","twitter_misc":{"Est. reading time":"1 minute"},"schema":{"@context":"https:\/\/schema.org","@graph":[{"@type":"WebPage","@id":"https:\/\/wpc-expert.ro\/produse\/automatizare-poarta-culisanta-model-elixo-3s-m-io-somfy-3s-m-io\/","url":"https:\/\/wpc-expert.ro\/produse\/automatizare-poarta-culisanta-model-elixo-3s-m-io-somfy-3s-m-io\/","name":"Automatizare Poarta Culisanta, Model ELIXO 3S M IO, Somfy 3S M IO - WPC Pro Expert","isPartOf":{"@id":"https:\/\/wpc-expert.ro\/#website"},"primaryImageOfPage":{"@id":"https:\/\/wpc-expert.ro\/produse\/automatizare-poarta-culisanta-model-elixo-3s-m-io-somfy-3s-m-io\/#primaryimage"},"image":{"@id":"https:\/\/wpc-expert.ro\/produse\/automatizare-poarta-culisanta-model-elixo-3s-m-io-somfy-3s-m-io\/#primaryimage"},"thumbnailUrl":"https:\/\/wpc-expert.ro\/wp-content\/uploads\/2025\/12\/Automatizare-Poarta-Culisanta-Model-ELIXO-3S-M-IO-Somfy-3S-M-IO.webp","datePublished":"2025-12-02T12:27:16+00:00","dateModified":"2025-12-02T12:29:13+00:00","description":"Automatizare Poarta Culisanta, Model ELIXO 3S M IO, Somfy 3S M IO - WPC Pro Expert Brasov","breadcrumb":{"@id":"https:\/\/wpc-expert.ro\/produse\/automatizare-poarta-culisanta-model-elixo-3s-m-io-somfy-3s-m-io\/#breadcrumb"},"inLanguage":"en-US","potentialAction":[{"@type":"ReadAction","target":["https:\/\/wpc-expert.ro\/produse\/automatizare-poarta-culisanta-model-elixo-3s-m-io-somfy-3s-m-io\/"]}]},{"@type":"ImageObject","inLanguage":"en-US","@id":"https:\/\/wpc-expert.ro\/produse\/automatizare-poarta-culisanta-model-elixo-3s-m-io-somfy-3s-m-io\/#primaryimage","url":"https:\/\/wpc-expert.ro\/wp-content\/uploads\/2025\/12\/Automatizare-Poarta-Culisanta-Model-ELIXO-3S-M-IO-Somfy-3S-M-IO.webp","contentUrl":"https:\/\/wpc-expert.ro\/wp-content\/uploads\/2025\/12\/Automatizare-Poarta-Culisanta-Model-ELIXO-3S-M-IO-Somfy-3S-M-IO.webp","width":1800,"height":1161},{"@type":"BreadcrumbList","@id":"https:\/\/wpc-expert.ro\/produse\/automatizare-poarta-culisanta-model-elixo-3s-m-io-somfy-3s-m-io\/#breadcrumb","itemListElement":[{"@type":"ListItem","position":1,"name":"Prima pagin\u0103","item":"https:\/\/wpc-expert.ro\/"},{"@type":"ListItem","position":2,"name":"Magazin","item":"https:\/\/wpc-expert.ro\/magazin\/"},{"@type":"ListItem","position":3,"name":"Automatizare Poarta Culisanta, Model ELIXO 3S M IO, Somfy 3S M IO"}]},{"@type":"WebSite","@id":"https:\/\/wpc-expert.ro\/#website","url":"https:\/\/wpc-expert.ro\/","name":"WPC Pro Expert","description":"Expertii profilelor WPC (lemn compozit) din judetul Brasov","publisher":{"@id":"https:\/\/wpc-expert.ro\/#organization"},"potentialAction":[{"@type":"SearchAction","target":{"@type":"EntryPoint","urlTemplate":"https:\/\/wpc-expert.ro\/?s={search_term_string}"},"query-input":{"@type":"PropertyValueSpecification","valueRequired":true,"valueName":"search_term_string"}}],"inLanguage":"en-US"},{"@type":"Organization","@id":"https:\/\/wpc-expert.ro\/#organization","name":"WPC Pro Expert","url":"https:\/\/wpc-expert.ro\/","logo":{"@type":"ImageObject","inLanguage":"en-US","@id":"https:\/\/wpc-expert.ro\/#\/schema\/logo\/image\/","url":"https:\/\/wpc-expert.ro\/wp-content\/uploads\/2024\/05\/wpc.jpg","contentUrl":"https:\/\/wpc-expert.ro\/wp-content\/uploads\/2024\/05\/wpc.jpg","width":299,"height":169,"caption":"WPC Pro Expert"},"image":{"@id":"https:\/\/wpc-expert.ro\/#\/schema\/logo\/image\/"}}]}},"_links":{"self":[{"href":"https:\/\/wpc-expert.ro\/en\/wp-json\/wp\/v2\/product\/3617","targetHints":{"allow":["GET"]}}],"collection":[{"href":"https:\/\/wpc-expert.ro\/en\/wp-json\/wp\/v2\/product"}],"about":[{"href":"https:\/\/wpc-expert.ro\/en\/wp-json\/wp\/v2\/types\/product"}],"wp:featuredmedia":[{"embeddable":true,"href":"https:\/\/wpc-expert.ro\/en\/wp-json\/wp\/v2\/media\/3618"}],"wp:attachment":[{"href":"https:\/\/wpc-expert.ro\/en\/wp-json\/wp\/v2\/media?parent=3617"}],"wp:term":[{"taxonomy":"product_brand","embeddable":true,"href":"https:\/\/wpc-expert.ro\/en\/wp-json\/wp\/v2\/product_brand?post=3617"},{"taxonomy":"product_cat","embeddable":true,"href":"https:\/\/wpc-expert.ro\/en\/wp-json\/wp\/v2\/product_cat?post=3617"},{"taxonomy":"product_tag","embeddable":true,"href":"https:\/\/wpc-expert.ro\/en\/wp-json\/wp\/v2\/product_tag?post=3617"}],"curies":[{"name":"wp","href":"https:\/\/api.w.org\/{rel}","templated":true}]}}