{"id":3619,"date":"2025-12-02T12:27:49","date_gmt":"2025-12-02T12:27:49","guid":{"rendered":"https:\/\/wpc-expert.ro\/?post_type=product&#038;p=3619"},"modified":"2025-12-02T12:29:13","modified_gmt":"2025-12-02T12:29:13","slug":"interfon-video-v100-somfy","status":"publish","type":"product","link":"https:\/\/wpc-expert.ro\/en\/produse\/interfon-video-v100-somfy\/","title":{"rendered":"Interfon Video V100, Somfy"},"content":{"rendered":"<p>Videointerfonul\u00a0<b>Somfy V100<\/b>\u00a0ofer\u0103 o comunicare clar\u0103 \u0219i sigur\u0103, fiind ideal pentru orice locuin\u021b\u0103 sau spa\u021biu de acces.<\/p>\n<p>Cu o\u00a0<b>raz\u0103 generoas\u0103<\/b>\u00a0de ac\u021biune, func\u021bioneaz\u0103 impecabil \u00een orice mediu, inclusiv la\u00a0<b>temperaturi variate<\/b>, asigur\u00e2nd rezisten\u021b\u0103 \u00een fa\u021ba intemperiilor.<br \/>\nDesignul s\u0103u compact \u0219i\u00a0<b>finisajul alb\u00a0<\/b>\u00eel fac u\u0219or de integrat \u00een orice decor, iar sistemul\u00a0<b>simplu de cablare\u00a0<\/b>faciliteaz\u0103 instalarea.<\/p>\n<p><b>Memoria integrat\u0103\u00a0<\/b>permite gestionarea facil\u0103 a mai multor\u00a0<b>utilizatori<\/b>, iar designul\u00a0<b>sub\u021bire\u00a0<\/b>\u0219i\u00a0<b>elegant\u00a0<\/b>se potrive\u0219te discret \u00een orice spa\u021biu.<br \/>\nAlimentarea flexibil\u0103 asigur\u0103 o\u00a0<b>instalare rapid\u0103<\/b>,\u00a0<b>f\u0103r\u0103 complica\u021bii<\/b>. \u00cen plus, sistemul cu\u00a0<b>dou\u0103 fire\u00a0<\/b>simplific\u0103 conectarea, f\u0103c\u00e2nd Somfy V100 o alegere inteligent\u0103 pentru cei care vor un interfon\u00a0<b>eficient \u0219i de \u00eencredere.<\/b><\/p>","protected":false},"excerpt":{"rendered":"<p>Videointerfonul\u00a0Somfy V100\u00a0ofer\u0103 o comunicare clar\u0103 \u0219i sigur\u0103, fiind ideal pentru orice locuin\u021b\u0103 sau spa\u021biu de acces. Cu o\u00a0raz\u0103 generoas\u0103\u00a0de ac\u021biune, func\u021bioneaz\u0103 impecabil \u00een orice mediu, inclusiv la\u00a0temperaturi variate, asigur\u00e2nd rezisten\u021b\u0103 \u00een fa\u021ba intemperiilor. Designul s\u0103u compact \u0219i\u00a0finisajul alb\u00a0\u00eel fac u\u0219or de integrat \u00een orice decor, iar sistemul\u00a0simplu de cablare\u00a0faciliteaz\u0103 instalarea. Memoria integrat\u0103\u00a0permite gestionarea facil\u0103 a [&hellip;]<\/p>\n","protected":false},"featured_media":3620,"template":"","meta":[],"product_brand":[],"product_cat":[41,18,17],"product_tag":[],"class_list":{"0":"post-3619","1":"product","2":"type-product","3":"status-publish","4":"has-post-thumbnail","6":"product_cat-automatizare-si-accesorii","7":"product_cat-porti-la-comanda","8":"product_cat-porti-standard","10":"first","11":"instock","12":"shipping-taxable","13":"product-type-simple"},"yoast_head":"<!-- This site is optimized with the Yoast SEO plugin v26.5 - https:\/\/yoast.com\/wordpress\/plugins\/seo\/ -->\n<title>Interfon Video V100, Somfy - WPC Pro Expert<\/title>\n<meta name=\"description\" content=\"Interfon Video V100, Somfy - WPC Pro Expert Brasov\" \/>\n<meta name=\"robots\" content=\"index, follow, max-snippet:-1, max-image-preview:large, max-video-preview:-1\" \/>\n<link rel=\"canonical\" href=\"https:\/\/wpc-expert.ro\/en\/produse\/interfon-video-v100-somfy\/\" \/>\n<meta property=\"og:locale\" content=\"en_US\" \/>\n<meta property=\"og:type\" content=\"article\" \/>\n<meta property=\"og:title\" content=\"Interfon Video V100, Somfy - WPC Pro Expert\" \/>\n<meta property=\"og:description\" content=\"Interfon Video V100, Somfy - WPC Pro Expert Brasov\" \/>\n<meta property=\"og:url\" content=\"https:\/\/wpc-expert.ro\/en\/produse\/interfon-video-v100-somfy\/\" \/>\n<meta property=\"og:site_name\" content=\"WPC Pro Expert\" \/>\n<meta property=\"article:modified_time\" content=\"2025-12-02T12:29:13+00:00\" \/>\n<meta property=\"og:image\" content=\"https:\/\/wpc-expert.ro\/wp-content\/uploads\/2025\/12\/Interfon-Video-V100-Somfy.webp\" \/>\n\t<meta property=\"og:image:width\" content=\"1800\" \/>\n\t<meta property=\"og:image:height\" content=\"1161\" \/>\n\t<meta property=\"og:image:type\" content=\"image\/webp\" \/>\n<meta name=\"twitter:card\" content=\"summary_large_image\" \/>\n<meta name=\"twitter:label1\" content=\"Est. reading time\" \/>\n\t<meta name=\"twitter:data1\" content=\"1 minute\" \/>\n<script type=\"application\/ld+json\" class=\"yoast-schema-graph\">{\"@context\":\"https:\/\/schema.org\",\"@graph\":[{\"@type\":\"WebPage\",\"@id\":\"https:\/\/wpc-expert.ro\/produse\/interfon-video-v100-somfy\/\",\"url\":\"https:\/\/wpc-expert.ro\/produse\/interfon-video-v100-somfy\/\",\"name\":\"Interfon Video V100, Somfy - WPC Pro Expert\",\"isPartOf\":{\"@id\":\"https:\/\/wpc-expert.ro\/#website\"},\"primaryImageOfPage\":{\"@id\":\"https:\/\/wpc-expert.ro\/produse\/interfon-video-v100-somfy\/#primaryimage\"},\"image\":{\"@id\":\"https:\/\/wpc-expert.ro\/produse\/interfon-video-v100-somfy\/#primaryimage\"},\"thumbnailUrl\":\"https:\/\/wpc-expert.ro\/wp-content\/uploads\/2025\/12\/Interfon-Video-V100-Somfy.webp\",\"datePublished\":\"2025-12-02T12:27:49+00:00\",\"dateModified\":\"2025-12-02T12:29:13+00:00\",\"description\":\"Interfon Video V100, Somfy - WPC Pro Expert Brasov\",\"breadcrumb\":{\"@id\":\"https:\/\/wpc-expert.ro\/produse\/interfon-video-v100-somfy\/#breadcrumb\"},\"inLanguage\":\"en-US\",\"potentialAction\":[{\"@type\":\"ReadAction\",\"target\":[\"https:\/\/wpc-expert.ro\/produse\/interfon-video-v100-somfy\/\"]}]},{\"@type\":\"ImageObject\",\"inLanguage\":\"en-US\",\"@id\":\"https:\/\/wpc-expert.ro\/produse\/interfon-video-v100-somfy\/#primaryimage\",\"url\":\"https:\/\/wpc-expert.ro\/wp-content\/uploads\/2025\/12\/Interfon-Video-V100-Somfy.webp\",\"contentUrl\":\"https:\/\/wpc-expert.ro\/wp-content\/uploads\/2025\/12\/Interfon-Video-V100-Somfy.webp\",\"width\":1800,\"height\":1161},{\"@type\":\"BreadcrumbList\",\"@id\":\"https:\/\/wpc-expert.ro\/produse\/interfon-video-v100-somfy\/#breadcrumb\",\"itemListElement\":[{\"@type\":\"ListItem\",\"position\":1,\"name\":\"Prima pagin\u0103\",\"item\":\"https:\/\/wpc-expert.ro\/\"},{\"@type\":\"ListItem\",\"position\":2,\"name\":\"Magazin\",\"item\":\"https:\/\/wpc-expert.ro\/magazin\/\"},{\"@type\":\"ListItem\",\"position\":3,\"name\":\"Interfon Video V100, Somfy\"}]},{\"@type\":\"WebSite\",\"@id\":\"https:\/\/wpc-expert.ro\/#website\",\"url\":\"https:\/\/wpc-expert.ro\/\",\"name\":\"WPC Pro Expert\",\"description\":\"Expertii profilelor WPC (lemn compozit) din judetul Brasov\",\"publisher\":{\"@id\":\"https:\/\/wpc-expert.ro\/#organization\"},\"potentialAction\":[{\"@type\":\"SearchAction\",\"target\":{\"@type\":\"EntryPoint\",\"urlTemplate\":\"https:\/\/wpc-expert.ro\/?s={search_term_string}\"},\"query-input\":{\"@type\":\"PropertyValueSpecification\",\"valueRequired\":true,\"valueName\":\"search_term_string\"}}],\"inLanguage\":\"en-US\"},{\"@type\":\"Organization\",\"@id\":\"https:\/\/wpc-expert.ro\/#organization\",\"name\":\"WPC Pro Expert\",\"url\":\"https:\/\/wpc-expert.ro\/\",\"logo\":{\"@type\":\"ImageObject\",\"inLanguage\":\"en-US\",\"@id\":\"https:\/\/wpc-expert.ro\/#\/schema\/logo\/image\/\",\"url\":\"https:\/\/wpc-expert.ro\/wp-content\/uploads\/2024\/05\/wpc.jpg\",\"contentUrl\":\"https:\/\/wpc-expert.ro\/wp-content\/uploads\/2024\/05\/wpc.jpg\",\"width\":299,\"height\":169,\"caption\":\"WPC Pro Expert\"},\"image\":{\"@id\":\"https:\/\/wpc-expert.ro\/#\/schema\/logo\/image\/\"}}]}<\/script>\n<!-- \/ Yoast SEO plugin. -->","yoast_head_json":{"title":"Interfon Video V100, Somfy - WPC Pro Expert","description":"Interfon Video V100, Somfy - WPC Pro Expert Brasov","robots":{"index":"index","follow":"follow","max-snippet":"max-snippet:-1","max-image-preview":"max-image-preview:large","max-video-preview":"max-video-preview:-1"},"canonical":"https:\/\/wpc-expert.ro\/en\/produse\/interfon-video-v100-somfy\/","og_locale":"en_US","og_type":"article","og_title":"Interfon Video V100, Somfy - WPC Pro Expert","og_description":"Interfon Video V100, Somfy - WPC Pro Expert Brasov","og_url":"https:\/\/wpc-expert.ro\/en\/produse\/interfon-video-v100-somfy\/","og_site_name":"WPC Pro Expert","article_modified_time":"2025-12-02T12:29:13+00:00","og_image":[{"width":1800,"height":1161,"url":"https:\/\/wpc-expert.ro\/wp-content\/uploads\/2025\/12\/Interfon-Video-V100-Somfy.webp","type":"image\/webp"}],"twitter_card":"summary_large_image","twitter_misc":{"Est. reading time":"1 minute"},"schema":{"@context":"https:\/\/schema.org","@graph":[{"@type":"WebPage","@id":"https:\/\/wpc-expert.ro\/produse\/interfon-video-v100-somfy\/","url":"https:\/\/wpc-expert.ro\/produse\/interfon-video-v100-somfy\/","name":"Interfon Video V100, Somfy - WPC Pro Expert","isPartOf":{"@id":"https:\/\/wpc-expert.ro\/#website"},"primaryImageOfPage":{"@id":"https:\/\/wpc-expert.ro\/produse\/interfon-video-v100-somfy\/#primaryimage"},"image":{"@id":"https:\/\/wpc-expert.ro\/produse\/interfon-video-v100-somfy\/#primaryimage"},"thumbnailUrl":"https:\/\/wpc-expert.ro\/wp-content\/uploads\/2025\/12\/Interfon-Video-V100-Somfy.webp","datePublished":"2025-12-02T12:27:49+00:00","dateModified":"2025-12-02T12:29:13+00:00","description":"Interfon Video V100, Somfy - WPC Pro Expert Brasov","breadcrumb":{"@id":"https:\/\/wpc-expert.ro\/produse\/interfon-video-v100-somfy\/#breadcrumb"},"inLanguage":"en-US","potentialAction":[{"@type":"ReadAction","target":["https:\/\/wpc-expert.ro\/produse\/interfon-video-v100-somfy\/"]}]},{"@type":"ImageObject","inLanguage":"en-US","@id":"https:\/\/wpc-expert.ro\/produse\/interfon-video-v100-somfy\/#primaryimage","url":"https:\/\/wpc-expert.ro\/wp-content\/uploads\/2025\/12\/Interfon-Video-V100-Somfy.webp","contentUrl":"https:\/\/wpc-expert.ro\/wp-content\/uploads\/2025\/12\/Interfon-Video-V100-Somfy.webp","width":1800,"height":1161},{"@type":"BreadcrumbList","@id":"https:\/\/wpc-expert.ro\/produse\/interfon-video-v100-somfy\/#breadcrumb","itemListElement":[{"@type":"ListItem","position":1,"name":"Prima pagin\u0103","item":"https:\/\/wpc-expert.ro\/"},{"@type":"ListItem","position":2,"name":"Magazin","item":"https:\/\/wpc-expert.ro\/magazin\/"},{"@type":"ListItem","position":3,"name":"Interfon Video V100, Somfy"}]},{"@type":"WebSite","@id":"https:\/\/wpc-expert.ro\/#website","url":"https:\/\/wpc-expert.ro\/","name":"WPC Pro Expert","description":"Expertii profilelor WPC (lemn compozit) din judetul Brasov","publisher":{"@id":"https:\/\/wpc-expert.ro\/#organization"},"potentialAction":[{"@type":"SearchAction","target":{"@type":"EntryPoint","urlTemplate":"https:\/\/wpc-expert.ro\/?s={search_term_string}"},"query-input":{"@type":"PropertyValueSpecification","valueRequired":true,"valueName":"search_term_string"}}],"inLanguage":"en-US"},{"@type":"Organization","@id":"https:\/\/wpc-expert.ro\/#organization","name":"WPC Pro Expert","url":"https:\/\/wpc-expert.ro\/","logo":{"@type":"ImageObject","inLanguage":"en-US","@id":"https:\/\/wpc-expert.ro\/#\/schema\/logo\/image\/","url":"https:\/\/wpc-expert.ro\/wp-content\/uploads\/2024\/05\/wpc.jpg","contentUrl":"https:\/\/wpc-expert.ro\/wp-content\/uploads\/2024\/05\/wpc.jpg","width":299,"height":169,"caption":"WPC Pro Expert"},"image":{"@id":"https:\/\/wpc-expert.ro\/#\/schema\/logo\/image\/"}}]}},"_links":{"self":[{"href":"https:\/\/wpc-expert.ro\/en\/wp-json\/wp\/v2\/product\/3619","targetHints":{"allow":["GET"]}}],"collection":[{"href":"https:\/\/wpc-expert.ro\/en\/wp-json\/wp\/v2\/product"}],"about":[{"href":"https:\/\/wpc-expert.ro\/en\/wp-json\/wp\/v2\/types\/product"}],"wp:featuredmedia":[{"embeddable":true,"href":"https:\/\/wpc-expert.ro\/en\/wp-json\/wp\/v2\/media\/3620"}],"wp:attachment":[{"href":"https:\/\/wpc-expert.ro\/en\/wp-json\/wp\/v2\/media?parent=3619"}],"wp:term":[{"taxonomy":"product_brand","embeddable":true,"href":"https:\/\/wpc-expert.ro\/en\/wp-json\/wp\/v2\/product_brand?post=3619"},{"taxonomy":"product_cat","embeddable":true,"href":"https:\/\/wpc-expert.ro\/en\/wp-json\/wp\/v2\/product_cat?post=3619"},{"taxonomy":"product_tag","embeddable":true,"href":"https:\/\/wpc-expert.ro\/en\/wp-json\/wp\/v2\/product_tag?post=3619"}],"curies":[{"name":"wp","href":"https:\/\/api.w.org\/{rel}","templated":true}]}}