{"id":3769,"date":"2025-12-03T06:55:27","date_gmt":"2025-12-03T06:55:27","guid":{"rendered":"https:\/\/wpc-expert.ro\/?post_type=product&#038;p=3769"},"modified":"2025-12-03T06:55:27","modified_gmt":"2025-12-03T06:55:27","slug":"pergola-deluxe-bioclimatica-pavilion-3x4x2-5metri-premium-aluminiu","status":"publish","type":"product","link":"https:\/\/wpc-expert.ro\/en\/produse\/pergola-deluxe-bioclimatica-pavilion-3x4x2-5metri-premium-aluminiu\/","title":{"rendered":"Pergola DELUXE Bioclimatica, Pavilion 3x4x2.5metri, Premium, Aluminiu"},"content":{"rendered":"<p>Aceasta\u00a0pergola bioclimatica din aluminiu, echipata cu un cadru solid, dar usor in acelasi timp, este o pergola de gradina speciala, datorita sistemului sau bioclimatic inteligent, realizat cu tehnologie de varf, multumit caruia iti poti ajusta nivelul de lumina si de ventilatie din interiorul ei in functie de preferinte si de temperatura de afara.<\/p>\n<p>Pergola DELUXE Bioclimatica\u00a0este un acoperi\u0219 din lamele de aluminiu ce se rabateaz\u0103 de-a lungul ghidajelor din aluminiu. Structura acesteia este confec\u021bionat\u0103 din aluminiu 6063, vopsit\u0103 \u00een c\u00e2mp electrostatic, oferindu-i rezisten\u021b\u0103 \u0219i durabilitate.<\/p>\n<p>Lamelele din aluminiu sunt pliabile \u0219i\u00a0accesorizate cu canal de scurgere, iar\u00a0\u00een momentul extinderii acesteia se creeaz\u0103 un efect de etan\u0219eitate, acoperind \u00eentreaga teras\u0103. Rezisten\u021ba sa permite un debit de ap\u0103 de p\u00e2n\u0103 la 15L\/minut \u0219i 50 kg\/ lamela \u00een cazul z\u0103pezii, recomand\u00e2ndu-se s\u0103 p\u0103stra\u021bi lamelele \u00een pozi\u021bia deschis pe timpul unei z\u0103pezi puternice.<\/p>\n<p>Fiecare st\u00e2lp al pavilionului are un sistem pluvial de colectare a apei ce v\u0103 ajut\u0103 \u00een zilele ploioase.<\/p>\n<p>Kitul de plasa impotriva insectelor si a razelor UV\u00a0este compatibila cu Pergola DELUXE \u0219i se poate achizi\u021biona separat.<\/p>","protected":false},"excerpt":{"rendered":"<p>Aceasta\u00a0pergola bioclimatica din aluminiu, echipata cu un cadru solid, dar usor in acelasi timp, este o pergola de gradina speciala, datorita sistemului sau bioclimatic inteligent, realizat cu tehnologie de varf, multumit caruia iti poti ajusta nivelul de lumina si de ventilatie din interiorul ei in functie de preferinte si de temperatura de afara. Pergola DELUXE [&hellip;]<\/p>\n","protected":false},"featured_media":3770,"template":"","meta":[],"product_brand":[],"product_cat":[72,20],"product_tag":[],"class_list":{"0":"post-3769","1":"product","2":"type-product","3":"status-publish","4":"has-post-thumbnail","6":"product_cat-pergola-stand-alone","7":"product_cat-pergole","9":"first","10":"instock","11":"shipping-taxable","12":"product-type-simple"},"yoast_head":"<!-- This site is optimized with the Yoast SEO plugin v26.5 - https:\/\/yoast.com\/wordpress\/plugins\/seo\/ -->\n<title>Pergola DELUXE Bioclimatica, Pavilion 3x4x2.5metri, Premium, Aluminiu - WPC Pro Expert<\/title>\n<meta name=\"description\" content=\"Pergola DELUXE Bioclimatica, Pavilion 3x4x2.5metri, Premium, Aluminiu - WPC Pro Expert Brasov\" \/>\n<meta name=\"robots\" content=\"index, follow, max-snippet:-1, max-image-preview:large, max-video-preview:-1\" \/>\n<link rel=\"canonical\" href=\"https:\/\/wpc-expert.ro\/en\/produse\/pergola-deluxe-bioclimatica-pavilion-3x4x2-5metri-premium-aluminiu\/\" \/>\n<meta property=\"og:locale\" content=\"en_US\" \/>\n<meta property=\"og:type\" content=\"article\" \/>\n<meta property=\"og:title\" content=\"Pergola DELUXE Bioclimatica, Pavilion 3x4x2.5metri, Premium, Aluminiu - WPC Pro Expert\" \/>\n<meta property=\"og:description\" content=\"Pergola DELUXE Bioclimatica, Pavilion 3x4x2.5metri, Premium, Aluminiu - WPC Pro Expert Brasov\" \/>\n<meta property=\"og:url\" content=\"https:\/\/wpc-expert.ro\/en\/produse\/pergola-deluxe-bioclimatica-pavilion-3x4x2-5metri-premium-aluminiu\/\" \/>\n<meta property=\"og:site_name\" content=\"WPC Pro Expert\" \/>\n<meta property=\"og:image\" content=\"https:\/\/wpc-expert.ro\/wp-content\/uploads\/2025\/12\/Pergola-DELUXE-Bioclimatica-Pavilion-3x4x2.5metri-Premium-Aluminiu.webp\" \/>\n\t<meta property=\"og:image:width\" content=\"1800\" \/>\n\t<meta property=\"og:image:height\" content=\"1161\" \/>\n\t<meta property=\"og:image:type\" content=\"image\/webp\" \/>\n<meta name=\"twitter:card\" content=\"summary_large_image\" \/>\n<meta name=\"twitter:label1\" content=\"Est. reading time\" \/>\n\t<meta name=\"twitter:data1\" content=\"1 minute\" \/>\n<script type=\"application\/ld+json\" class=\"yoast-schema-graph\">{\"@context\":\"https:\/\/schema.org\",\"@graph\":[{\"@type\":\"WebPage\",\"@id\":\"https:\/\/wpc-expert.ro\/produse\/pergola-deluxe-bioclimatica-pavilion-3x4x2-5metri-premium-aluminiu\/\",\"url\":\"https:\/\/wpc-expert.ro\/produse\/pergola-deluxe-bioclimatica-pavilion-3x4x2-5metri-premium-aluminiu\/\",\"name\":\"Pergola DELUXE Bioclimatica, Pavilion 3x4x2.5metri, Premium, Aluminiu - WPC Pro Expert\",\"isPartOf\":{\"@id\":\"https:\/\/wpc-expert.ro\/#website\"},\"primaryImageOfPage\":{\"@id\":\"https:\/\/wpc-expert.ro\/produse\/pergola-deluxe-bioclimatica-pavilion-3x4x2-5metri-premium-aluminiu\/#primaryimage\"},\"image\":{\"@id\":\"https:\/\/wpc-expert.ro\/produse\/pergola-deluxe-bioclimatica-pavilion-3x4x2-5metri-premium-aluminiu\/#primaryimage\"},\"thumbnailUrl\":\"https:\/\/wpc-expert.ro\/wp-content\/uploads\/2025\/12\/Pergola-DELUXE-Bioclimatica-Pavilion-3x4x2.5metri-Premium-Aluminiu.webp\",\"datePublished\":\"2025-12-03T06:55:27+00:00\",\"description\":\"Pergola DELUXE Bioclimatica, Pavilion 3x4x2.5metri, Premium, Aluminiu - WPC Pro Expert Brasov\",\"breadcrumb\":{\"@id\":\"https:\/\/wpc-expert.ro\/produse\/pergola-deluxe-bioclimatica-pavilion-3x4x2-5metri-premium-aluminiu\/#breadcrumb\"},\"inLanguage\":\"en-US\",\"potentialAction\":[{\"@type\":\"ReadAction\",\"target\":[\"https:\/\/wpc-expert.ro\/produse\/pergola-deluxe-bioclimatica-pavilion-3x4x2-5metri-premium-aluminiu\/\"]}]},{\"@type\":\"ImageObject\",\"inLanguage\":\"en-US\",\"@id\":\"https:\/\/wpc-expert.ro\/produse\/pergola-deluxe-bioclimatica-pavilion-3x4x2-5metri-premium-aluminiu\/#primaryimage\",\"url\":\"https:\/\/wpc-expert.ro\/wp-content\/uploads\/2025\/12\/Pergola-DELUXE-Bioclimatica-Pavilion-3x4x2.5metri-Premium-Aluminiu.webp\",\"contentUrl\":\"https:\/\/wpc-expert.ro\/wp-content\/uploads\/2025\/12\/Pergola-DELUXE-Bioclimatica-Pavilion-3x4x2.5metri-Premium-Aluminiu.webp\",\"width\":1800,\"height\":1161},{\"@type\":\"BreadcrumbList\",\"@id\":\"https:\/\/wpc-expert.ro\/produse\/pergola-deluxe-bioclimatica-pavilion-3x4x2-5metri-premium-aluminiu\/#breadcrumb\",\"itemListElement\":[{\"@type\":\"ListItem\",\"position\":1,\"name\":\"Prima pagin\u0103\",\"item\":\"https:\/\/wpc-expert.ro\/\"},{\"@type\":\"ListItem\",\"position\":2,\"name\":\"Magazin\",\"item\":\"https:\/\/wpc-expert.ro\/magazin\/\"},{\"@type\":\"ListItem\",\"position\":3,\"name\":\"Pergola DELUXE Bioclimatica, Pavilion 3x4x2.5metri, Premium, Aluminiu\"}]},{\"@type\":\"WebSite\",\"@id\":\"https:\/\/wpc-expert.ro\/#website\",\"url\":\"https:\/\/wpc-expert.ro\/\",\"name\":\"WPC Pro Expert\",\"description\":\"Expertii profilelor WPC (lemn compozit) din judetul Brasov\",\"publisher\":{\"@id\":\"https:\/\/wpc-expert.ro\/#organization\"},\"potentialAction\":[{\"@type\":\"SearchAction\",\"target\":{\"@type\":\"EntryPoint\",\"urlTemplate\":\"https:\/\/wpc-expert.ro\/?s={search_term_string}\"},\"query-input\":{\"@type\":\"PropertyValueSpecification\",\"valueRequired\":true,\"valueName\":\"search_term_string\"}}],\"inLanguage\":\"en-US\"},{\"@type\":\"Organization\",\"@id\":\"https:\/\/wpc-expert.ro\/#organization\",\"name\":\"WPC Pro Expert\",\"url\":\"https:\/\/wpc-expert.ro\/\",\"logo\":{\"@type\":\"ImageObject\",\"inLanguage\":\"en-US\",\"@id\":\"https:\/\/wpc-expert.ro\/#\/schema\/logo\/image\/\",\"url\":\"https:\/\/wpc-expert.ro\/wp-content\/uploads\/2024\/05\/wpc.jpg\",\"contentUrl\":\"https:\/\/wpc-expert.ro\/wp-content\/uploads\/2024\/05\/wpc.jpg\",\"width\":299,\"height\":169,\"caption\":\"WPC Pro Expert\"},\"image\":{\"@id\":\"https:\/\/wpc-expert.ro\/#\/schema\/logo\/image\/\"}}]}<\/script>\n<!-- \/ Yoast SEO plugin. -->","yoast_head_json":{"title":"Pergola DELUXE Bioclimatica, Pavilion 3x4x2.5metri, Premium, Aluminiu - WPC Pro Expert","description":"Pergola DELUXE Bioclimatica, Pavilion 3x4x2.5metri, Premium, Aluminiu - WPC Pro Expert Brasov","robots":{"index":"index","follow":"follow","max-snippet":"max-snippet:-1","max-image-preview":"max-image-preview:large","max-video-preview":"max-video-preview:-1"},"canonical":"https:\/\/wpc-expert.ro\/en\/produse\/pergola-deluxe-bioclimatica-pavilion-3x4x2-5metri-premium-aluminiu\/","og_locale":"en_US","og_type":"article","og_title":"Pergola DELUXE Bioclimatica, Pavilion 3x4x2.5metri, Premium, Aluminiu - WPC Pro Expert","og_description":"Pergola DELUXE Bioclimatica, Pavilion 3x4x2.5metri, Premium, Aluminiu - WPC Pro Expert Brasov","og_url":"https:\/\/wpc-expert.ro\/en\/produse\/pergola-deluxe-bioclimatica-pavilion-3x4x2-5metri-premium-aluminiu\/","og_site_name":"WPC Pro Expert","og_image":[{"width":1800,"height":1161,"url":"https:\/\/wpc-expert.ro\/wp-content\/uploads\/2025\/12\/Pergola-DELUXE-Bioclimatica-Pavilion-3x4x2.5metri-Premium-Aluminiu.webp","type":"image\/webp"}],"twitter_card":"summary_large_image","twitter_misc":{"Est. reading time":"1 minute"},"schema":{"@context":"https:\/\/schema.org","@graph":[{"@type":"WebPage","@id":"https:\/\/wpc-expert.ro\/produse\/pergola-deluxe-bioclimatica-pavilion-3x4x2-5metri-premium-aluminiu\/","url":"https:\/\/wpc-expert.ro\/produse\/pergola-deluxe-bioclimatica-pavilion-3x4x2-5metri-premium-aluminiu\/","name":"Pergola DELUXE Bioclimatica, Pavilion 3x4x2.5metri, Premium, Aluminiu - WPC Pro Expert","isPartOf":{"@id":"https:\/\/wpc-expert.ro\/#website"},"primaryImageOfPage":{"@id":"https:\/\/wpc-expert.ro\/produse\/pergola-deluxe-bioclimatica-pavilion-3x4x2-5metri-premium-aluminiu\/#primaryimage"},"image":{"@id":"https:\/\/wpc-expert.ro\/produse\/pergola-deluxe-bioclimatica-pavilion-3x4x2-5metri-premium-aluminiu\/#primaryimage"},"thumbnailUrl":"https:\/\/wpc-expert.ro\/wp-content\/uploads\/2025\/12\/Pergola-DELUXE-Bioclimatica-Pavilion-3x4x2.5metri-Premium-Aluminiu.webp","datePublished":"2025-12-03T06:55:27+00:00","description":"Pergola DELUXE Bioclimatica, Pavilion 3x4x2.5metri, Premium, Aluminiu - WPC Pro Expert Brasov","breadcrumb":{"@id":"https:\/\/wpc-expert.ro\/produse\/pergola-deluxe-bioclimatica-pavilion-3x4x2-5metri-premium-aluminiu\/#breadcrumb"},"inLanguage":"en-US","potentialAction":[{"@type":"ReadAction","target":["https:\/\/wpc-expert.ro\/produse\/pergola-deluxe-bioclimatica-pavilion-3x4x2-5metri-premium-aluminiu\/"]}]},{"@type":"ImageObject","inLanguage":"en-US","@id":"https:\/\/wpc-expert.ro\/produse\/pergola-deluxe-bioclimatica-pavilion-3x4x2-5metri-premium-aluminiu\/#primaryimage","url":"https:\/\/wpc-expert.ro\/wp-content\/uploads\/2025\/12\/Pergola-DELUXE-Bioclimatica-Pavilion-3x4x2.5metri-Premium-Aluminiu.webp","contentUrl":"https:\/\/wpc-expert.ro\/wp-content\/uploads\/2025\/12\/Pergola-DELUXE-Bioclimatica-Pavilion-3x4x2.5metri-Premium-Aluminiu.webp","width":1800,"height":1161},{"@type":"BreadcrumbList","@id":"https:\/\/wpc-expert.ro\/produse\/pergola-deluxe-bioclimatica-pavilion-3x4x2-5metri-premium-aluminiu\/#breadcrumb","itemListElement":[{"@type":"ListItem","position":1,"name":"Prima pagin\u0103","item":"https:\/\/wpc-expert.ro\/"},{"@type":"ListItem","position":2,"name":"Magazin","item":"https:\/\/wpc-expert.ro\/magazin\/"},{"@type":"ListItem","position":3,"name":"Pergola DELUXE Bioclimatica, Pavilion 3x4x2.5metri, Premium, Aluminiu"}]},{"@type":"WebSite","@id":"https:\/\/wpc-expert.ro\/#website","url":"https:\/\/wpc-expert.ro\/","name":"WPC Pro Expert","description":"Expertii profilelor WPC (lemn compozit) din judetul Brasov","publisher":{"@id":"https:\/\/wpc-expert.ro\/#organization"},"potentialAction":[{"@type":"SearchAction","target":{"@type":"EntryPoint","urlTemplate":"https:\/\/wpc-expert.ro\/?s={search_term_string}"},"query-input":{"@type":"PropertyValueSpecification","valueRequired":true,"valueName":"search_term_string"}}],"inLanguage":"en-US"},{"@type":"Organization","@id":"https:\/\/wpc-expert.ro\/#organization","name":"WPC Pro Expert","url":"https:\/\/wpc-expert.ro\/","logo":{"@type":"ImageObject","inLanguage":"en-US","@id":"https:\/\/wpc-expert.ro\/#\/schema\/logo\/image\/","url":"https:\/\/wpc-expert.ro\/wp-content\/uploads\/2024\/05\/wpc.jpg","contentUrl":"https:\/\/wpc-expert.ro\/wp-content\/uploads\/2024\/05\/wpc.jpg","width":299,"height":169,"caption":"WPC Pro Expert"},"image":{"@id":"https:\/\/wpc-expert.ro\/#\/schema\/logo\/image\/"}}]}},"_links":{"self":[{"href":"https:\/\/wpc-expert.ro\/en\/wp-json\/wp\/v2\/product\/3769","targetHints":{"allow":["GET"]}}],"collection":[{"href":"https:\/\/wpc-expert.ro\/en\/wp-json\/wp\/v2\/product"}],"about":[{"href":"https:\/\/wpc-expert.ro\/en\/wp-json\/wp\/v2\/types\/product"}],"wp:featuredmedia":[{"embeddable":true,"href":"https:\/\/wpc-expert.ro\/en\/wp-json\/wp\/v2\/media\/3770"}],"wp:attachment":[{"href":"https:\/\/wpc-expert.ro\/en\/wp-json\/wp\/v2\/media?parent=3769"}],"wp:term":[{"taxonomy":"product_brand","embeddable":true,"href":"https:\/\/wpc-expert.ro\/en\/wp-json\/wp\/v2\/product_brand?post=3769"},{"taxonomy":"product_cat","embeddable":true,"href":"https:\/\/wpc-expert.ro\/en\/wp-json\/wp\/v2\/product_cat?post=3769"},{"taxonomy":"product_tag","embeddable":true,"href":"https:\/\/wpc-expert.ro\/en\/wp-json\/wp\/v2\/product_tag?post=3769"}],"curies":[{"name":"wp","href":"https:\/\/api.w.org\/{rel}","templated":true}]}}