{"id":3775,"date":"2025-12-03T06:58:20","date_gmt":"2025-12-03T06:58:20","guid":{"rendered":"https:\/\/wpc-expert.ro\/?post_type=product&#038;p=3775"},"modified":"2025-12-03T06:58:20","modified_gmt":"2025-12-03T06:58:20","slug":"plasa-tip-rulou-cu-arc-anti-insecte-anti-uv-super-oferta","status":"publish","type":"product","link":"https:\/\/wpc-expert.ro\/en\/produse\/plasa-tip-rulou-cu-arc-anti-insecte-anti-uv-super-oferta\/","title":{"rendered":"Plasa tip rulou cu arc, anti insecte, anti UV, SUPER OFERTA"},"content":{"rendered":"<div class=\"p-2\">\n<p>Fa cunostinta cu\u00a0<b>plasa anti insecte<\/b>, un produs ingenios care te va proteja de efectul nociv al razelor ultraviolete si de insecte.<\/p>\n<p>Aceasta plasa tip rulou este usor de manipulat, ca tu sa te bucuri de cantitatea dorita de lumina si de aer. Este confectionata din\u00a0<b>polietilena<\/b>, un material durabil, care se curata usor si care nu se va decolora in timp.<\/p>\n<p>Este\u00a0<b>disponibila in dimensiuni variate<\/b>, potrivite pentru usi si geamuri.<\/p>\n<p>Rulourile au\u00a0<b>func\u021bie ZIP<\/b>: sunt potrivite impotriva v\u00e2ntului si a ploii, deoarece plasa textil\u0103 este ghidat\u0103 \u00een siguran\u021b\u0103 \u00een \u0219ine de-a lungul coloanelor pergolei ca un fermoar. Pentru a deschide sau inchide ruloul este nevoie sa actionati manual pentru ridicare si coborare.<\/p>\n<p>Rama din aluminiu este vopsit\u0103 \u00een aceea\u0219i culoare cu pergola dvs. Pe v\u00e2nt puternic, v\u0103 recomand\u0103m s\u0103 retrage\u021bi complet rulourile pentru a le proteja de deteriorare.<\/p>\n<p>Avantajele ruloului de plasa premium:<\/p>\n<ul>\n<li>Reglabil infinit pe \u00een\u0103l\u021bime<\/li>\n<li>Usor de asamblat<\/li>\n<li>Construc\u021bie robust\u0103<\/li>\n<li>Ideal pentru a proteja impotriva UV-ului \u0219i a vie\u021bii private<\/li>\n<li>Poate fi montat \u00een orice moment<\/li>\n<li>Se monteaz\u0103 pe toate cele patru laturi ale pergolei<\/li>\n<\/ul>\n<\/div>\n<div class=\"row mx-0 justify-content-center\">\n<div class=\"col-12 col-lg-3 px-0\">\n<div id=\"tab-specification\">\n<div class=\"table table-bordered\">\n<div class=\"numecategattr\">Caracteristici<\/div>\n<div class=\"mb-3\">\n<div class=\"row randattr mx-0\">\n<div class=\"col-4 numerandattr\">Dimensiune<\/div>\n<div class=\"col-8 txtrandattr\">2.70&#215;2.38m &#8211; compatibila cu latura de 3m\u00a03.70&#215;2.38m &#8211; compatibila cu latura de 4m<\/div>\n<\/div>\n<\/div>\n<\/div>\n<\/div>\n<\/div>\n<\/div>","protected":false},"excerpt":{"rendered":"<p>Fa cunostinta cu\u00a0plasa anti insecte, un produs ingenios care te va proteja de efectul nociv al razelor ultraviolete si de insecte. Aceasta plasa tip rulou este usor de manipulat, ca tu sa te bucuri de cantitatea dorita de lumina si de aer. Este confectionata din\u00a0polietilena, un material durabil, care se curata usor si care nu [&hellip;]<\/p>\n","protected":false},"featured_media":3776,"template":"","meta":[],"product_brand":[],"product_cat":[72,20],"product_tag":[],"class_list":{"0":"post-3775","1":"product","2":"type-product","3":"status-publish","4":"has-post-thumbnail","6":"product_cat-pergola-stand-alone","7":"product_cat-pergole","9":"first","10":"instock","11":"shipping-taxable","12":"product-type-simple"},"yoast_head":"<!-- This site is optimized with the Yoast SEO plugin v26.5 - https:\/\/yoast.com\/wordpress\/plugins\/seo\/ -->\n<title>Plasa tip rulou cu arc, anti insecte, anti UV, SUPER OFERTA - WPC Pro Expert<\/title>\n<meta name=\"description\" content=\"Plasa tip rulou cu arc, anti insecte, anti UV, SUPER OFERTA - WPC Pro Expert Brasov\" \/>\n<meta name=\"robots\" content=\"index, follow, max-snippet:-1, max-image-preview:large, max-video-preview:-1\" \/>\n<link rel=\"canonical\" href=\"https:\/\/wpc-expert.ro\/en\/produse\/plasa-tip-rulou-cu-arc-anti-insecte-anti-uv-super-oferta\/\" \/>\n<meta property=\"og:locale\" content=\"en_US\" \/>\n<meta property=\"og:type\" content=\"article\" \/>\n<meta property=\"og:title\" content=\"Plasa tip rulou cu arc, anti insecte, anti UV, SUPER OFERTA - WPC Pro Expert\" \/>\n<meta property=\"og:description\" content=\"Plasa tip rulou cu arc, anti insecte, anti UV, SUPER OFERTA - WPC Pro Expert Brasov\" \/>\n<meta property=\"og:url\" content=\"https:\/\/wpc-expert.ro\/en\/produse\/plasa-tip-rulou-cu-arc-anti-insecte-anti-uv-super-oferta\/\" \/>\n<meta property=\"og:site_name\" content=\"WPC Pro Expert\" \/>\n<meta property=\"og:image\" content=\"https:\/\/wpc-expert.ro\/wp-content\/uploads\/2025\/12\/Plasa-tip-rulou-cu-arc-anti-insecte-anti-UV-SUPER-OFERTA.webp\" \/>\n\t<meta property=\"og:image:width\" content=\"1800\" \/>\n\t<meta property=\"og:image:height\" content=\"1161\" \/>\n\t<meta property=\"og:image:type\" content=\"image\/webp\" \/>\n<meta name=\"twitter:card\" content=\"summary_large_image\" \/>\n<meta name=\"twitter:label1\" content=\"Est. reading time\" \/>\n\t<meta name=\"twitter:data1\" content=\"1 minute\" \/>\n<script type=\"application\/ld+json\" class=\"yoast-schema-graph\">{\"@context\":\"https:\/\/schema.org\",\"@graph\":[{\"@type\":\"WebPage\",\"@id\":\"https:\/\/wpc-expert.ro\/produse\/plasa-tip-rulou-cu-arc-anti-insecte-anti-uv-super-oferta\/\",\"url\":\"https:\/\/wpc-expert.ro\/produse\/plasa-tip-rulou-cu-arc-anti-insecte-anti-uv-super-oferta\/\",\"name\":\"Plasa tip rulou cu arc, anti insecte, anti UV, SUPER OFERTA - WPC Pro Expert\",\"isPartOf\":{\"@id\":\"https:\/\/wpc-expert.ro\/#website\"},\"primaryImageOfPage\":{\"@id\":\"https:\/\/wpc-expert.ro\/produse\/plasa-tip-rulou-cu-arc-anti-insecte-anti-uv-super-oferta\/#primaryimage\"},\"image\":{\"@id\":\"https:\/\/wpc-expert.ro\/produse\/plasa-tip-rulou-cu-arc-anti-insecte-anti-uv-super-oferta\/#primaryimage\"},\"thumbnailUrl\":\"https:\/\/wpc-expert.ro\/wp-content\/uploads\/2025\/12\/Plasa-tip-rulou-cu-arc-anti-insecte-anti-UV-SUPER-OFERTA.webp\",\"datePublished\":\"2025-12-03T06:58:20+00:00\",\"description\":\"Plasa tip rulou cu arc, anti insecte, anti UV, SUPER OFERTA - WPC Pro Expert Brasov\",\"breadcrumb\":{\"@id\":\"https:\/\/wpc-expert.ro\/produse\/plasa-tip-rulou-cu-arc-anti-insecte-anti-uv-super-oferta\/#breadcrumb\"},\"inLanguage\":\"en-US\",\"potentialAction\":[{\"@type\":\"ReadAction\",\"target\":[\"https:\/\/wpc-expert.ro\/produse\/plasa-tip-rulou-cu-arc-anti-insecte-anti-uv-super-oferta\/\"]}]},{\"@type\":\"ImageObject\",\"inLanguage\":\"en-US\",\"@id\":\"https:\/\/wpc-expert.ro\/produse\/plasa-tip-rulou-cu-arc-anti-insecte-anti-uv-super-oferta\/#primaryimage\",\"url\":\"https:\/\/wpc-expert.ro\/wp-content\/uploads\/2025\/12\/Plasa-tip-rulou-cu-arc-anti-insecte-anti-UV-SUPER-OFERTA.webp\",\"contentUrl\":\"https:\/\/wpc-expert.ro\/wp-content\/uploads\/2025\/12\/Plasa-tip-rulou-cu-arc-anti-insecte-anti-UV-SUPER-OFERTA.webp\",\"width\":1800,\"height\":1161},{\"@type\":\"BreadcrumbList\",\"@id\":\"https:\/\/wpc-expert.ro\/produse\/plasa-tip-rulou-cu-arc-anti-insecte-anti-uv-super-oferta\/#breadcrumb\",\"itemListElement\":[{\"@type\":\"ListItem\",\"position\":1,\"name\":\"Prima pagin\u0103\",\"item\":\"https:\/\/wpc-expert.ro\/\"},{\"@type\":\"ListItem\",\"position\":2,\"name\":\"Magazin\",\"item\":\"https:\/\/wpc-expert.ro\/magazin\/\"},{\"@type\":\"ListItem\",\"position\":3,\"name\":\"Plasa tip rulou cu arc, anti insecte, anti UV, SUPER OFERTA\"}]},{\"@type\":\"WebSite\",\"@id\":\"https:\/\/wpc-expert.ro\/#website\",\"url\":\"https:\/\/wpc-expert.ro\/\",\"name\":\"WPC Pro Expert\",\"description\":\"Expertii profilelor WPC (lemn compozit) din judetul Brasov\",\"publisher\":{\"@id\":\"https:\/\/wpc-expert.ro\/#organization\"},\"potentialAction\":[{\"@type\":\"SearchAction\",\"target\":{\"@type\":\"EntryPoint\",\"urlTemplate\":\"https:\/\/wpc-expert.ro\/?s={search_term_string}\"},\"query-input\":{\"@type\":\"PropertyValueSpecification\",\"valueRequired\":true,\"valueName\":\"search_term_string\"}}],\"inLanguage\":\"en-US\"},{\"@type\":\"Organization\",\"@id\":\"https:\/\/wpc-expert.ro\/#organization\",\"name\":\"WPC Pro Expert\",\"url\":\"https:\/\/wpc-expert.ro\/\",\"logo\":{\"@type\":\"ImageObject\",\"inLanguage\":\"en-US\",\"@id\":\"https:\/\/wpc-expert.ro\/#\/schema\/logo\/image\/\",\"url\":\"https:\/\/wpc-expert.ro\/wp-content\/uploads\/2024\/05\/wpc.jpg\",\"contentUrl\":\"https:\/\/wpc-expert.ro\/wp-content\/uploads\/2024\/05\/wpc.jpg\",\"width\":299,\"height\":169,\"caption\":\"WPC Pro Expert\"},\"image\":{\"@id\":\"https:\/\/wpc-expert.ro\/#\/schema\/logo\/image\/\"}}]}<\/script>\n<!-- \/ Yoast SEO plugin. -->","yoast_head_json":{"title":"Plasa tip rulou cu arc, anti insecte, anti UV, SUPER OFERTA - WPC Pro Expert","description":"Plasa tip rulou cu arc, anti insecte, anti UV, SUPER OFERTA - WPC Pro Expert Brasov","robots":{"index":"index","follow":"follow","max-snippet":"max-snippet:-1","max-image-preview":"max-image-preview:large","max-video-preview":"max-video-preview:-1"},"canonical":"https:\/\/wpc-expert.ro\/en\/produse\/plasa-tip-rulou-cu-arc-anti-insecte-anti-uv-super-oferta\/","og_locale":"en_US","og_type":"article","og_title":"Plasa tip rulou cu arc, anti insecte, anti UV, SUPER OFERTA - WPC Pro Expert","og_description":"Plasa tip rulou cu arc, anti insecte, anti UV, SUPER OFERTA - WPC Pro Expert Brasov","og_url":"https:\/\/wpc-expert.ro\/en\/produse\/plasa-tip-rulou-cu-arc-anti-insecte-anti-uv-super-oferta\/","og_site_name":"WPC Pro Expert","og_image":[{"width":1800,"height":1161,"url":"https:\/\/wpc-expert.ro\/wp-content\/uploads\/2025\/12\/Plasa-tip-rulou-cu-arc-anti-insecte-anti-UV-SUPER-OFERTA.webp","type":"image\/webp"}],"twitter_card":"summary_large_image","twitter_misc":{"Est. reading time":"1 minute"},"schema":{"@context":"https:\/\/schema.org","@graph":[{"@type":"WebPage","@id":"https:\/\/wpc-expert.ro\/produse\/plasa-tip-rulou-cu-arc-anti-insecte-anti-uv-super-oferta\/","url":"https:\/\/wpc-expert.ro\/produse\/plasa-tip-rulou-cu-arc-anti-insecte-anti-uv-super-oferta\/","name":"Plasa tip rulou cu arc, anti insecte, anti UV, SUPER OFERTA - WPC Pro Expert","isPartOf":{"@id":"https:\/\/wpc-expert.ro\/#website"},"primaryImageOfPage":{"@id":"https:\/\/wpc-expert.ro\/produse\/plasa-tip-rulou-cu-arc-anti-insecte-anti-uv-super-oferta\/#primaryimage"},"image":{"@id":"https:\/\/wpc-expert.ro\/produse\/plasa-tip-rulou-cu-arc-anti-insecte-anti-uv-super-oferta\/#primaryimage"},"thumbnailUrl":"https:\/\/wpc-expert.ro\/wp-content\/uploads\/2025\/12\/Plasa-tip-rulou-cu-arc-anti-insecte-anti-UV-SUPER-OFERTA.webp","datePublished":"2025-12-03T06:58:20+00:00","description":"Plasa tip rulou cu arc, anti insecte, anti UV, SUPER OFERTA - WPC Pro Expert Brasov","breadcrumb":{"@id":"https:\/\/wpc-expert.ro\/produse\/plasa-tip-rulou-cu-arc-anti-insecte-anti-uv-super-oferta\/#breadcrumb"},"inLanguage":"en-US","potentialAction":[{"@type":"ReadAction","target":["https:\/\/wpc-expert.ro\/produse\/plasa-tip-rulou-cu-arc-anti-insecte-anti-uv-super-oferta\/"]}]},{"@type":"ImageObject","inLanguage":"en-US","@id":"https:\/\/wpc-expert.ro\/produse\/plasa-tip-rulou-cu-arc-anti-insecte-anti-uv-super-oferta\/#primaryimage","url":"https:\/\/wpc-expert.ro\/wp-content\/uploads\/2025\/12\/Plasa-tip-rulou-cu-arc-anti-insecte-anti-UV-SUPER-OFERTA.webp","contentUrl":"https:\/\/wpc-expert.ro\/wp-content\/uploads\/2025\/12\/Plasa-tip-rulou-cu-arc-anti-insecte-anti-UV-SUPER-OFERTA.webp","width":1800,"height":1161},{"@type":"BreadcrumbList","@id":"https:\/\/wpc-expert.ro\/produse\/plasa-tip-rulou-cu-arc-anti-insecte-anti-uv-super-oferta\/#breadcrumb","itemListElement":[{"@type":"ListItem","position":1,"name":"Prima pagin\u0103","item":"https:\/\/wpc-expert.ro\/"},{"@type":"ListItem","position":2,"name":"Magazin","item":"https:\/\/wpc-expert.ro\/magazin\/"},{"@type":"ListItem","position":3,"name":"Plasa tip rulou cu arc, anti insecte, anti UV, SUPER OFERTA"}]},{"@type":"WebSite","@id":"https:\/\/wpc-expert.ro\/#website","url":"https:\/\/wpc-expert.ro\/","name":"WPC Pro Expert","description":"Expertii profilelor WPC (lemn compozit) din judetul Brasov","publisher":{"@id":"https:\/\/wpc-expert.ro\/#organization"},"potentialAction":[{"@type":"SearchAction","target":{"@type":"EntryPoint","urlTemplate":"https:\/\/wpc-expert.ro\/?s={search_term_string}"},"query-input":{"@type":"PropertyValueSpecification","valueRequired":true,"valueName":"search_term_string"}}],"inLanguage":"en-US"},{"@type":"Organization","@id":"https:\/\/wpc-expert.ro\/#organization","name":"WPC Pro Expert","url":"https:\/\/wpc-expert.ro\/","logo":{"@type":"ImageObject","inLanguage":"en-US","@id":"https:\/\/wpc-expert.ro\/#\/schema\/logo\/image\/","url":"https:\/\/wpc-expert.ro\/wp-content\/uploads\/2024\/05\/wpc.jpg","contentUrl":"https:\/\/wpc-expert.ro\/wp-content\/uploads\/2024\/05\/wpc.jpg","width":299,"height":169,"caption":"WPC Pro Expert"},"image":{"@id":"https:\/\/wpc-expert.ro\/#\/schema\/logo\/image\/"}}]}},"_links":{"self":[{"href":"https:\/\/wpc-expert.ro\/en\/wp-json\/wp\/v2\/product\/3775","targetHints":{"allow":["GET"]}}],"collection":[{"href":"https:\/\/wpc-expert.ro\/en\/wp-json\/wp\/v2\/product"}],"about":[{"href":"https:\/\/wpc-expert.ro\/en\/wp-json\/wp\/v2\/types\/product"}],"wp:featuredmedia":[{"embeddable":true,"href":"https:\/\/wpc-expert.ro\/en\/wp-json\/wp\/v2\/media\/3776"}],"wp:attachment":[{"href":"https:\/\/wpc-expert.ro\/en\/wp-json\/wp\/v2\/media?parent=3775"}],"wp:term":[{"taxonomy":"product_brand","embeddable":true,"href":"https:\/\/wpc-expert.ro\/en\/wp-json\/wp\/v2\/product_brand?post=3775"},{"taxonomy":"product_cat","embeddable":true,"href":"https:\/\/wpc-expert.ro\/en\/wp-json\/wp\/v2\/product_cat?post=3775"},{"taxonomy":"product_tag","embeddable":true,"href":"https:\/\/wpc-expert.ro\/en\/wp-json\/wp\/v2\/product_tag?post=3775"}],"curies":[{"name":"wp","href":"https:\/\/api.w.org\/{rel}","templated":true}]}}