{"id":3788,"date":"2025-12-03T07:07:07","date_gmt":"2025-12-03T07:07:07","guid":{"rendered":"https:\/\/wpc-expert.ro\/?post_type=product&#038;p=3788"},"modified":"2025-12-03T07:07:07","modified_gmt":"2025-12-03T07:07:07","slug":"marchiza-copertina-retractabila-manuala-cu-brat-articulat-3x25-m-poliester-dungi-aluminiu","status":"publish","type":"product","link":"https:\/\/wpc-expert.ro\/en\/produse\/marchiza-copertina-retractabila-manuala-cu-brat-articulat-3x25-m-poliester-dungi-aluminiu\/","title":{"rendered":"Marchiz\u0103\/Copertin\u0103 retractabil\u0103 manual\u0103 cu bra\u021b articulat 3&#215;2,5 m poliester dungi, aluminiu"},"content":{"rendered":"<div class=\"p-2\">\n<p>Adaug\u0103 un plus de <b>elegan\u021b\u0103 \u0219i func\u021bionalitate<\/b> spa\u021biului t\u0103u exterior cu Marchiza retractabil\u0103 manual\u0103, cu bra\u021b articulat \u0219i dimensiuni generoase de 3&#215;2,5 metri. Aceast\u0103 marchiz\u0103 reprezint\u0103 o solu\u021bie perfect\u0103 pentru a-\u021bi <b>proteja terasa<\/b> sau balconul de razele solare intense sau de ploaie, oferind \u00een acela\u0219i timp o <b>estetic\u0103<\/b> rafinat\u0103.<\/p>\n<p>Construit\u0103 dintr-un cadru robust din aluminiu, marchiza asigur\u0103 <b>durabilitate \u0219i rezisten\u021b\u0103<\/b> \u00een fa\u021ba condi\u021biilor meteorologice variate. Materialul din poliester cu dungi confer\u0103 un aspect modern \u0219i atr\u0103g\u0103tor, ad\u0103ug\u00e2nd un strop de elegan\u021b\u0103 designului exterior al locuin\u021bei tale.<\/p>\n<p>Mecanismul <b>retractabil manual<\/b> al marchizei \u00ee\u021bi ofer\u0103 controlul deplin asupra expunerii la soare sau umbrire, permit\u00e2ndu-\u021bi s\u0103 ajustezi cu u\u0219urin\u021b\u0103 unghiul de \u00eenclinare \u0219i s\u0103 extinzi sau retragi marchiza \u00een func\u021bie de preferin\u021bele tale. Cu ajutorul bra\u021belor articulate, po\u021bi crea o <b>umbr\u0103 optim\u0103<\/b> \u00een orice moment al zilei, oferind un spa\u021biu confortabil \u0219i pl\u0103cut pentru relaxare.<\/p>\n<\/div>\n<div class=\"row mx-0 justify-content-center\">\n<div class=\"col-12 col-lg-3 px-0\">\n<div id=\"tab-specification\">\n<div class=\"table table-bordered\">\n<div class=\"numecategattr\">Caracteristici<\/div>\n<div class=\"mb-3\">\n<div class=\"row randattr mx-0\">\n<div class=\"col-4 numerandattr\">Culoare caseta aluminiu<\/div>\n<div class=\"col-8 txtrandattr\">Gri antracit<\/div>\n<\/div>\n<div class=\"row randattr mx-0\">\n<div class=\"col-4 numerandattr\">Culoare panza<\/div>\n<div class=\"col-8 txtrandattr\">Gri inchis<\/div>\n<\/div>\n<div class=\"row randattr mx-0\">\n<div class=\"col-4 numerandattr\">Deschidere<\/div>\n<div class=\"col-8 txtrandattr\">Manuala<\/div>\n<\/div>\n<div class=\"row randattr mx-0\">\n<div class=\"col-4 numerandattr\">Greutate<\/div>\n<div class=\"col-8 txtrandattr\">21kg<\/div>\n<\/div>\n<div class=\"row randattr mx-0\">\n<div class=\"col-4 numerandattr\">Lungime bara actionare<\/div>\n<div class=\"col-8 txtrandattr\">1.6m<\/div>\n<\/div>\n<div class=\"row randattr mx-0\">\n<div class=\"col-4 numerandattr\">Lungime panza<\/div>\n<div class=\"col-8 txtrandattr\">2820mm<\/div>\n<\/div>\n<div class=\"row randattr mx-0\">\n<div class=\"col-4 numerandattr\">Material panza<\/div>\n<div class=\"col-8 txtrandattr\">Polyester 280g\/m2+ strat protectiv poliuretanic<\/div>\n<\/div>\n<div class=\"row randattr mx-0\">\n<div class=\"col-4 numerandattr\">Rezistenta vant<\/div>\n<div class=\"col-8 txtrandattr\">38km\/ora<\/div>\n<\/div>\n<div class=\"row randattr mx-0\">\n<div class=\"col-4 numerandattr\">Dimensiune<\/div>\n<div class=\"col-8 txtrandattr\">2.95&#215;2.5m<\/div>\n<\/div>\n<\/div>\n<\/div>\n<\/div>\n<\/div>\n<\/div>","protected":false},"excerpt":{"rendered":"<p>Adaug\u0103 un plus de elegan\u021b\u0103 \u0219i func\u021bionalitate spa\u021biului t\u0103u exterior cu Marchiza retractabil\u0103 manual\u0103, cu bra\u021b articulat \u0219i dimensiuni generoase de 3&#215;2,5 metri. Aceast\u0103 marchiz\u0103 reprezint\u0103 o solu\u021bie perfect\u0103 pentru a-\u021bi proteja terasa sau balconul de razele solare intense sau de ploaie, oferind \u00een acela\u0219i timp o estetic\u0103 rafinat\u0103. Construit\u0103 dintr-un cadru robust din aluminiu, [&hellip;]<\/p>\n","protected":false},"featured_media":3790,"template":"","meta":[],"product_brand":[],"product_cat":[77,21],"product_tag":[],"class_list":{"0":"post-3788","1":"product","2":"type-product","3":"status-publish","4":"has-post-thumbnail","6":"product_cat-copertine-retractabile","7":"product_cat-umbrele-si-copertine","9":"first","10":"instock","11":"shipping-taxable","12":"product-type-simple"},"yoast_head":"<!-- This site is optimized with the Yoast SEO plugin v26.5 - https:\/\/yoast.com\/wordpress\/plugins\/seo\/ -->\n<title>Marchiz\u0103\/Copertin\u0103 retractabil\u0103 manual\u0103 cu bra\u021b articulat 3x2,5 m poliester dungi, aluminiu - WPC Pro Expert<\/title>\n<meta name=\"description\" content=\"Marchiz\u0103\/Copertin\u0103 retractabil\u0103 manual\u0103 cu bra\u021b articulat 3x2,5 m poliester dungi, aluminiu - WPC Pro Expert Brasov\" \/>\n<meta name=\"robots\" content=\"index, follow, max-snippet:-1, max-image-preview:large, max-video-preview:-1\" \/>\n<link rel=\"canonical\" href=\"https:\/\/wpc-expert.ro\/en\/produse\/marchiza-copertina-retractabila-manuala-cu-brat-articulat-3x25-m-poliester-dungi-aluminiu\/\" \/>\n<meta property=\"og:locale\" content=\"en_US\" \/>\n<meta property=\"og:type\" content=\"article\" \/>\n<meta property=\"og:title\" content=\"Marchiz\u0103\/Copertin\u0103 retractabil\u0103 manual\u0103 cu bra\u021b articulat 3x2,5 m poliester dungi, aluminiu - WPC Pro Expert\" \/>\n<meta property=\"og:description\" content=\"Marchiz\u0103\/Copertin\u0103 retractabil\u0103 manual\u0103 cu bra\u021b articulat 3x2,5 m poliester dungi, aluminiu - WPC Pro Expert Brasov\" \/>\n<meta property=\"og:url\" content=\"https:\/\/wpc-expert.ro\/en\/produse\/marchiza-copertina-retractabila-manuala-cu-brat-articulat-3x25-m-poliester-dungi-aluminiu\/\" \/>\n<meta property=\"og:site_name\" content=\"WPC Pro Expert\" \/>\n<meta property=\"og:image\" content=\"https:\/\/wpc-expert.ro\/wp-content\/uploads\/2025\/12\/Marchiza-Copertina-retractabila-manuala-cu-brat-articulat-3x25-m-poliester-dungi-aluminiu.webp\" \/>\n\t<meta property=\"og:image:width\" content=\"1800\" \/>\n\t<meta property=\"og:image:height\" content=\"1161\" \/>\n\t<meta property=\"og:image:type\" content=\"image\/webp\" \/>\n<meta name=\"twitter:card\" content=\"summary_large_image\" \/>\n<meta name=\"twitter:label1\" content=\"Est. reading time\" \/>\n\t<meta name=\"twitter:data1\" content=\"1 minute\" \/>\n<script type=\"application\/ld+json\" class=\"yoast-schema-graph\">{\"@context\":\"https:\/\/schema.org\",\"@graph\":[{\"@type\":\"WebPage\",\"@id\":\"https:\/\/wpc-expert.ro\/produse\/marchiza-copertina-retractabila-manuala-cu-brat-articulat-3x25-m-poliester-dungi-aluminiu\/\",\"url\":\"https:\/\/wpc-expert.ro\/produse\/marchiza-copertina-retractabila-manuala-cu-brat-articulat-3x25-m-poliester-dungi-aluminiu\/\",\"name\":\"Marchiz\u0103\/Copertin\u0103 retractabil\u0103 manual\u0103 cu bra\u021b articulat 3x2,5 m poliester dungi, aluminiu - WPC Pro Expert\",\"isPartOf\":{\"@id\":\"https:\/\/wpc-expert.ro\/#website\"},\"primaryImageOfPage\":{\"@id\":\"https:\/\/wpc-expert.ro\/produse\/marchiza-copertina-retractabila-manuala-cu-brat-articulat-3x25-m-poliester-dungi-aluminiu\/#primaryimage\"},\"image\":{\"@id\":\"https:\/\/wpc-expert.ro\/produse\/marchiza-copertina-retractabila-manuala-cu-brat-articulat-3x25-m-poliester-dungi-aluminiu\/#primaryimage\"},\"thumbnailUrl\":\"https:\/\/wpc-expert.ro\/wp-content\/uploads\/2025\/12\/Marchiza-Copertina-retractabila-manuala-cu-brat-articulat-3x25-m-poliester-dungi-aluminiu.webp\",\"datePublished\":\"2025-12-03T07:07:07+00:00\",\"description\":\"Marchiz\u0103\/Copertin\u0103 retractabil\u0103 manual\u0103 cu bra\u021b articulat 3x2,5 m poliester dungi, aluminiu - WPC Pro Expert Brasov\",\"breadcrumb\":{\"@id\":\"https:\/\/wpc-expert.ro\/produse\/marchiza-copertina-retractabila-manuala-cu-brat-articulat-3x25-m-poliester-dungi-aluminiu\/#breadcrumb\"},\"inLanguage\":\"en-US\",\"potentialAction\":[{\"@type\":\"ReadAction\",\"target\":[\"https:\/\/wpc-expert.ro\/produse\/marchiza-copertina-retractabila-manuala-cu-brat-articulat-3x25-m-poliester-dungi-aluminiu\/\"]}]},{\"@type\":\"ImageObject\",\"inLanguage\":\"en-US\",\"@id\":\"https:\/\/wpc-expert.ro\/produse\/marchiza-copertina-retractabila-manuala-cu-brat-articulat-3x25-m-poliester-dungi-aluminiu\/#primaryimage\",\"url\":\"https:\/\/wpc-expert.ro\/wp-content\/uploads\/2025\/12\/Marchiza-Copertina-retractabila-manuala-cu-brat-articulat-3x25-m-poliester-dungi-aluminiu.webp\",\"contentUrl\":\"https:\/\/wpc-expert.ro\/wp-content\/uploads\/2025\/12\/Marchiza-Copertina-retractabila-manuala-cu-brat-articulat-3x25-m-poliester-dungi-aluminiu.webp\",\"width\":1800,\"height\":1161},{\"@type\":\"BreadcrumbList\",\"@id\":\"https:\/\/wpc-expert.ro\/produse\/marchiza-copertina-retractabila-manuala-cu-brat-articulat-3x25-m-poliester-dungi-aluminiu\/#breadcrumb\",\"itemListElement\":[{\"@type\":\"ListItem\",\"position\":1,\"name\":\"Prima pagin\u0103\",\"item\":\"https:\/\/wpc-expert.ro\/\"},{\"@type\":\"ListItem\",\"position\":2,\"name\":\"Magazin\",\"item\":\"https:\/\/wpc-expert.ro\/magazin\/\"},{\"@type\":\"ListItem\",\"position\":3,\"name\":\"Marchiz\u0103\/Copertin\u0103 retractabil\u0103 manual\u0103 cu bra\u021b articulat 3&#215;2,5 m poliester dungi, aluminiu\"}]},{\"@type\":\"WebSite\",\"@id\":\"https:\/\/wpc-expert.ro\/#website\",\"url\":\"https:\/\/wpc-expert.ro\/\",\"name\":\"WPC Pro Expert\",\"description\":\"Expertii profilelor WPC (lemn compozit) din judetul Brasov\",\"publisher\":{\"@id\":\"https:\/\/wpc-expert.ro\/#organization\"},\"potentialAction\":[{\"@type\":\"SearchAction\",\"target\":{\"@type\":\"EntryPoint\",\"urlTemplate\":\"https:\/\/wpc-expert.ro\/?s={search_term_string}\"},\"query-input\":{\"@type\":\"PropertyValueSpecification\",\"valueRequired\":true,\"valueName\":\"search_term_string\"}}],\"inLanguage\":\"en-US\"},{\"@type\":\"Organization\",\"@id\":\"https:\/\/wpc-expert.ro\/#organization\",\"name\":\"WPC Pro Expert\",\"url\":\"https:\/\/wpc-expert.ro\/\",\"logo\":{\"@type\":\"ImageObject\",\"inLanguage\":\"en-US\",\"@id\":\"https:\/\/wpc-expert.ro\/#\/schema\/logo\/image\/\",\"url\":\"https:\/\/wpc-expert.ro\/wp-content\/uploads\/2024\/05\/wpc.jpg\",\"contentUrl\":\"https:\/\/wpc-expert.ro\/wp-content\/uploads\/2024\/05\/wpc.jpg\",\"width\":299,\"height\":169,\"caption\":\"WPC Pro Expert\"},\"image\":{\"@id\":\"https:\/\/wpc-expert.ro\/#\/schema\/logo\/image\/\"}}]}<\/script>\n<!-- \/ Yoast SEO plugin. -->","yoast_head_json":{"title":"Marchiz\u0103\/Copertin\u0103 retractabil\u0103 manual\u0103 cu bra\u021b articulat 3x2,5 m poliester dungi, aluminiu - WPC Pro Expert","description":"Marchiz\u0103\/Copertin\u0103 retractabil\u0103 manual\u0103 cu bra\u021b articulat 3x2,5 m poliester dungi, aluminiu - WPC Pro Expert Brasov","robots":{"index":"index","follow":"follow","max-snippet":"max-snippet:-1","max-image-preview":"max-image-preview:large","max-video-preview":"max-video-preview:-1"},"canonical":"https:\/\/wpc-expert.ro\/en\/produse\/marchiza-copertina-retractabila-manuala-cu-brat-articulat-3x25-m-poliester-dungi-aluminiu\/","og_locale":"en_US","og_type":"article","og_title":"Marchiz\u0103\/Copertin\u0103 retractabil\u0103 manual\u0103 cu bra\u021b articulat 3x2,5 m poliester dungi, aluminiu - WPC Pro Expert","og_description":"Marchiz\u0103\/Copertin\u0103 retractabil\u0103 manual\u0103 cu bra\u021b articulat 3x2,5 m poliester dungi, aluminiu - WPC Pro Expert Brasov","og_url":"https:\/\/wpc-expert.ro\/en\/produse\/marchiza-copertina-retractabila-manuala-cu-brat-articulat-3x25-m-poliester-dungi-aluminiu\/","og_site_name":"WPC Pro Expert","og_image":[{"width":1800,"height":1161,"url":"https:\/\/wpc-expert.ro\/wp-content\/uploads\/2025\/12\/Marchiza-Copertina-retractabila-manuala-cu-brat-articulat-3x25-m-poliester-dungi-aluminiu.webp","type":"image\/webp"}],"twitter_card":"summary_large_image","twitter_misc":{"Est. reading time":"1 minute"},"schema":{"@context":"https:\/\/schema.org","@graph":[{"@type":"WebPage","@id":"https:\/\/wpc-expert.ro\/produse\/marchiza-copertina-retractabila-manuala-cu-brat-articulat-3x25-m-poliester-dungi-aluminiu\/","url":"https:\/\/wpc-expert.ro\/produse\/marchiza-copertina-retractabila-manuala-cu-brat-articulat-3x25-m-poliester-dungi-aluminiu\/","name":"Marchiz\u0103\/Copertin\u0103 retractabil\u0103 manual\u0103 cu bra\u021b articulat 3x2,5 m poliester dungi, aluminiu - WPC Pro Expert","isPartOf":{"@id":"https:\/\/wpc-expert.ro\/#website"},"primaryImageOfPage":{"@id":"https:\/\/wpc-expert.ro\/produse\/marchiza-copertina-retractabila-manuala-cu-brat-articulat-3x25-m-poliester-dungi-aluminiu\/#primaryimage"},"image":{"@id":"https:\/\/wpc-expert.ro\/produse\/marchiza-copertina-retractabila-manuala-cu-brat-articulat-3x25-m-poliester-dungi-aluminiu\/#primaryimage"},"thumbnailUrl":"https:\/\/wpc-expert.ro\/wp-content\/uploads\/2025\/12\/Marchiza-Copertina-retractabila-manuala-cu-brat-articulat-3x25-m-poliester-dungi-aluminiu.webp","datePublished":"2025-12-03T07:07:07+00:00","description":"Marchiz\u0103\/Copertin\u0103 retractabil\u0103 manual\u0103 cu bra\u021b articulat 3x2,5 m poliester dungi, aluminiu - WPC Pro Expert Brasov","breadcrumb":{"@id":"https:\/\/wpc-expert.ro\/produse\/marchiza-copertina-retractabila-manuala-cu-brat-articulat-3x25-m-poliester-dungi-aluminiu\/#breadcrumb"},"inLanguage":"en-US","potentialAction":[{"@type":"ReadAction","target":["https:\/\/wpc-expert.ro\/produse\/marchiza-copertina-retractabila-manuala-cu-brat-articulat-3x25-m-poliester-dungi-aluminiu\/"]}]},{"@type":"ImageObject","inLanguage":"en-US","@id":"https:\/\/wpc-expert.ro\/produse\/marchiza-copertina-retractabila-manuala-cu-brat-articulat-3x25-m-poliester-dungi-aluminiu\/#primaryimage","url":"https:\/\/wpc-expert.ro\/wp-content\/uploads\/2025\/12\/Marchiza-Copertina-retractabila-manuala-cu-brat-articulat-3x25-m-poliester-dungi-aluminiu.webp","contentUrl":"https:\/\/wpc-expert.ro\/wp-content\/uploads\/2025\/12\/Marchiza-Copertina-retractabila-manuala-cu-brat-articulat-3x25-m-poliester-dungi-aluminiu.webp","width":1800,"height":1161},{"@type":"BreadcrumbList","@id":"https:\/\/wpc-expert.ro\/produse\/marchiza-copertina-retractabila-manuala-cu-brat-articulat-3x25-m-poliester-dungi-aluminiu\/#breadcrumb","itemListElement":[{"@type":"ListItem","position":1,"name":"Prima pagin\u0103","item":"https:\/\/wpc-expert.ro\/"},{"@type":"ListItem","position":2,"name":"Magazin","item":"https:\/\/wpc-expert.ro\/magazin\/"},{"@type":"ListItem","position":3,"name":"Marchiz\u0103\/Copertin\u0103 retractabil\u0103 manual\u0103 cu bra\u021b articulat 3&#215;2,5 m poliester dungi, aluminiu"}]},{"@type":"WebSite","@id":"https:\/\/wpc-expert.ro\/#website","url":"https:\/\/wpc-expert.ro\/","name":"WPC Pro Expert","description":"Expertii profilelor WPC (lemn compozit) din judetul Brasov","publisher":{"@id":"https:\/\/wpc-expert.ro\/#organization"},"potentialAction":[{"@type":"SearchAction","target":{"@type":"EntryPoint","urlTemplate":"https:\/\/wpc-expert.ro\/?s={search_term_string}"},"query-input":{"@type":"PropertyValueSpecification","valueRequired":true,"valueName":"search_term_string"}}],"inLanguage":"en-US"},{"@type":"Organization","@id":"https:\/\/wpc-expert.ro\/#organization","name":"WPC Pro Expert","url":"https:\/\/wpc-expert.ro\/","logo":{"@type":"ImageObject","inLanguage":"en-US","@id":"https:\/\/wpc-expert.ro\/#\/schema\/logo\/image\/","url":"https:\/\/wpc-expert.ro\/wp-content\/uploads\/2024\/05\/wpc.jpg","contentUrl":"https:\/\/wpc-expert.ro\/wp-content\/uploads\/2024\/05\/wpc.jpg","width":299,"height":169,"caption":"WPC Pro Expert"},"image":{"@id":"https:\/\/wpc-expert.ro\/#\/schema\/logo\/image\/"}}]}},"_links":{"self":[{"href":"https:\/\/wpc-expert.ro\/en\/wp-json\/wp\/v2\/product\/3788","targetHints":{"allow":["GET"]}}],"collection":[{"href":"https:\/\/wpc-expert.ro\/en\/wp-json\/wp\/v2\/product"}],"about":[{"href":"https:\/\/wpc-expert.ro\/en\/wp-json\/wp\/v2\/types\/product"}],"wp:featuredmedia":[{"embeddable":true,"href":"https:\/\/wpc-expert.ro\/en\/wp-json\/wp\/v2\/media\/3790"}],"wp:attachment":[{"href":"https:\/\/wpc-expert.ro\/en\/wp-json\/wp\/v2\/media?parent=3788"}],"wp:term":[{"taxonomy":"product_brand","embeddable":true,"href":"https:\/\/wpc-expert.ro\/en\/wp-json\/wp\/v2\/product_brand?post=3788"},{"taxonomy":"product_cat","embeddable":true,"href":"https:\/\/wpc-expert.ro\/en\/wp-json\/wp\/v2\/product_cat?post=3788"},{"taxonomy":"product_tag","embeddable":true,"href":"https:\/\/wpc-expert.ro\/en\/wp-json\/wp\/v2\/product_tag?post=3788"}],"curies":[{"name":"wp","href":"https:\/\/api.w.org\/{rel}","templated":true}]}}