{"id":3791,"date":"2025-12-03T07:09:52","date_gmt":"2025-12-03T07:09:52","guid":{"rendered":"https:\/\/wpc-expert.ro\/?post_type=product&#038;p=3791"},"modified":"2025-12-03T07:09:52","modified_gmt":"2025-12-03T07:09:52","slug":"umbrela-de-soare-3x3m-pentru-terasa-si-gradina-aluminiu-pliabilacu-iluminare-led-culoare-gri-antracit-include-suport-de-plastic","status":"publish","type":"product","link":"https:\/\/wpc-expert.ro\/en\/produse\/umbrela-de-soare-3x3m-pentru-terasa-si-gradina-aluminiu-pliabilacu-iluminare-led-culoare-gri-antracit-include-suport-de-plastic\/","title":{"rendered":"Umbrela de soare 3x3m pentru terasa si gradina, aluminiu, pliabila,cu iluminare LED, culoare gri antracit, include suport de plastic"},"content":{"rendered":"<div class=\"p-2\">\n<p><b>Umbrela de soare cu dimensiuni generoase de 3&#215;3 metri<\/b>\u00a0este destinat\u0103 terasei\/gr\u0103dinii \u015fi \u00eembin\u0103 armonios func\u021bionalitatea cu elegan\u021ba.<\/p>\n<p>Construit\u0103 din<b>\u00a0aluminiu<\/b>\u00a0durabil, este u\u0219or de manevrat de asemenea este pliabil\u0103, iar pentru depozitare ocup\u0103 spa\u0163iu redus. Culoarea\u00a0<b>gri antracit\u00a0<\/b>se adapteaz\u0103 oric\u0103rui spa\u0163iu \u015fi adaug\u0103 un aspect modern \u0219i rafinat.<\/p>\n<p>Un element atractiv este<b>\u00a0iluminarea LED integrat\u0103<\/b>, contribuind la o atmosfer\u0103 pl\u0103cut\u0103 \u00een serile c\u0103lduroase de var\u0103, de asemenea un alt avantaj este suportul inclus, solid din plastic care ofer\u0103 stabilitate.<\/p>\n<p>Alege acum umbrela de exterior \u015fi vei transforma spa\u021biul t\u0103u exterior \u00eentr-o oaz\u0103 de relaxare, beneficiind de umbr\u0103 \u0219i ambian\u021b\u0103 pl\u0103cut\u0103 pentru familia \u015fi prietenii t\u0103i.<\/p>\n<p>Suportul de plastic este prev\u0103zut cu compartimente speciale, \u00een care po\u021bi ad\u0103uga ap\u0103 sau nisip pentru a oferi stabilitate \u0219i siguran\u021b\u0103 \u00een condi\u021bii meteorologice nefavorabile, precum v\u00e2ntul puternic sau ploaia.\u00a0 LED-urile sunt economice din punct de vedere energetic \u0219i au o durat\u0103 de via\u021b\u0103 mai lung\u0103.<\/p>\n<p>Produsul vine la pachet si cu o<b>\u00a0husa cadou.<\/b><\/p>\n<p>Baza din<b>\u00a0plastic este inclusa\u00a0<\/b>in pretul produsului.<\/p>\n<p><span style=\"color: #ff0000;\">Umbrela trebuie stransa la vant mai mare de 15km\/h<\/span><\/p>\n<p><span style=\"color: #ff0000;\">Umbrela se poate inclina lateral doar in conditii meteo fara vant<\/span><\/p>\n<\/div>\n<div class=\"row mx-0 justify-content-center\">\n<div class=\"col-12 col-lg-3 px-0\">\n<div id=\"tab-specification\">\n<div class=\"table table-bordered\">\n<div class=\"numecategattr\">Caracteristici<\/div>\n<div class=\"mb-3\">\n<div class=\"row randattr mx-0\">\n<div class=\"col-4 numerandattr\">Inaltime<\/div>\n<div class=\"col-8 txtrandattr\">3.07metri<\/div>\n<\/div>\n<div class=\"row randattr mx-0\">\n<div class=\"col-4 numerandattr\">Dimensiune<\/div>\n<div class=\"col-8 txtrandattr\">3x3metri<\/div>\n<\/div>\n<\/div>\n<\/div>\n<\/div>\n<\/div>\n<\/div>","protected":false},"excerpt":{"rendered":"<p>Umbrela de soare cu dimensiuni generoase de 3&#215;3 metri\u00a0este destinat\u0103 terasei\/gr\u0103dinii \u015fi \u00eembin\u0103 armonios func\u021bionalitatea cu elegan\u021ba. Construit\u0103 din\u00a0aluminiu\u00a0durabil, este u\u0219or de manevrat de asemenea este pliabil\u0103, iar pentru depozitare ocup\u0103 spa\u0163iu redus. Culoarea\u00a0gri antracit\u00a0se adapteaz\u0103 oric\u0103rui spa\u0163iu \u015fi adaug\u0103 un aspect modern \u0219i rafinat. Un element atractiv este\u00a0iluminarea LED integrat\u0103, contribuind la o atmosfer\u0103 [&hellip;]<\/p>\n","protected":false},"featured_media":3793,"template":"","meta":[],"product_brand":[],"product_cat":[80,81,21],"product_tag":[],"class_list":{"0":"post-3791","1":"product","2":"type-product","3":"status-publish","4":"has-post-thumbnail","6":"product_cat-umbrela-cu-led","7":"product_cat-umbrela-standard","8":"product_cat-umbrele-si-copertine","10":"first","11":"instock","12":"shipping-taxable","13":"product-type-simple"},"yoast_head":"<!-- This site is optimized with the Yoast SEO plugin v26.5 - https:\/\/yoast.com\/wordpress\/plugins\/seo\/ -->\n<title>Umbrela de soare 3x3m pentru terasa si gradina, aluminiu, pliabila,cu iluminare LED, culoare gri antracit, include suport de plastic - WPC Pro Expert<\/title>\n<meta name=\"description\" content=\"Umbrela de soare 3x3m pentru terasa si gradina, aluminiu, pliabila,cu iluminare LED, culoare gri antracit, include suport de plastic - WPC Pro Expert Brasov\" \/>\n<meta name=\"robots\" content=\"index, follow, max-snippet:-1, max-image-preview:large, max-video-preview:-1\" \/>\n<link rel=\"canonical\" href=\"https:\/\/wpc-expert.ro\/en\/produse\/umbrela-de-soare-3x3m-pentru-terasa-si-gradina-aluminiu-pliabilacu-iluminare-led-culoare-gri-antracit-include-suport-de-plastic\/\" \/>\n<meta property=\"og:locale\" content=\"en_US\" \/>\n<meta property=\"og:type\" content=\"article\" \/>\n<meta property=\"og:title\" content=\"Umbrela de soare 3x3m pentru terasa si gradina, aluminiu, pliabila,cu iluminare LED, culoare gri antracit, include suport de plastic - WPC Pro Expert\" \/>\n<meta property=\"og:description\" content=\"Umbrela de soare 3x3m pentru terasa si gradina, aluminiu, pliabila,cu iluminare LED, culoare gri antracit, include suport de plastic - WPC Pro Expert Brasov\" \/>\n<meta property=\"og:url\" content=\"https:\/\/wpc-expert.ro\/en\/produse\/umbrela-de-soare-3x3m-pentru-terasa-si-gradina-aluminiu-pliabilacu-iluminare-led-culoare-gri-antracit-include-suport-de-plastic\/\" \/>\n<meta property=\"og:site_name\" content=\"WPC Pro Expert\" \/>\n<meta property=\"og:image\" content=\"https:\/\/wpc-expert.ro\/wp-content\/uploads\/2025\/12\/Umbrela-de-soare-3x3m-pentru-terasa-si-gradina-aluminiu-pliabilacu-iluminare-LED-culoare-kaki-include-suport-de-plastic.webp\" \/>\n\t<meta property=\"og:image:width\" content=\"1800\" \/>\n\t<meta property=\"og:image:height\" content=\"1161\" \/>\n\t<meta property=\"og:image:type\" content=\"image\/webp\" \/>\n<meta name=\"twitter:card\" content=\"summary_large_image\" \/>\n<meta name=\"twitter:label1\" content=\"Est. reading time\" \/>\n\t<meta name=\"twitter:data1\" content=\"1 minute\" \/>\n<script type=\"application\/ld+json\" class=\"yoast-schema-graph\">{\"@context\":\"https:\/\/schema.org\",\"@graph\":[{\"@type\":\"WebPage\",\"@id\":\"https:\/\/wpc-expert.ro\/produse\/umbrela-de-soare-3x3m-pentru-terasa-si-gradina-aluminiu-pliabilacu-iluminare-led-culoare-gri-antracit-include-suport-de-plastic\/\",\"url\":\"https:\/\/wpc-expert.ro\/produse\/umbrela-de-soare-3x3m-pentru-terasa-si-gradina-aluminiu-pliabilacu-iluminare-led-culoare-gri-antracit-include-suport-de-plastic\/\",\"name\":\"Umbrela de soare 3x3m pentru terasa si gradina, aluminiu, pliabila,cu iluminare LED, culoare gri antracit, include suport de plastic - WPC Pro Expert\",\"isPartOf\":{\"@id\":\"https:\/\/wpc-expert.ro\/#website\"},\"primaryImageOfPage\":{\"@id\":\"https:\/\/wpc-expert.ro\/produse\/umbrela-de-soare-3x3m-pentru-terasa-si-gradina-aluminiu-pliabilacu-iluminare-led-culoare-gri-antracit-include-suport-de-plastic\/#primaryimage\"},\"image\":{\"@id\":\"https:\/\/wpc-expert.ro\/produse\/umbrela-de-soare-3x3m-pentru-terasa-si-gradina-aluminiu-pliabilacu-iluminare-led-culoare-gri-antracit-include-suport-de-plastic\/#primaryimage\"},\"thumbnailUrl\":\"https:\/\/wpc-expert.ro\/wp-content\/uploads\/2025\/12\/Umbrela-de-soare-3x3m-pentru-terasa-si-gradina-aluminiu-pliabilacu-iluminare-LED-culoare-kaki-include-suport-de-plastic.webp\",\"datePublished\":\"2025-12-03T07:09:52+00:00\",\"description\":\"Umbrela de soare 3x3m pentru terasa si gradina, aluminiu, pliabila,cu iluminare LED, culoare gri antracit, include suport de plastic - WPC Pro Expert Brasov\",\"breadcrumb\":{\"@id\":\"https:\/\/wpc-expert.ro\/produse\/umbrela-de-soare-3x3m-pentru-terasa-si-gradina-aluminiu-pliabilacu-iluminare-led-culoare-gri-antracit-include-suport-de-plastic\/#breadcrumb\"},\"inLanguage\":\"en-US\",\"potentialAction\":[{\"@type\":\"ReadAction\",\"target\":[\"https:\/\/wpc-expert.ro\/produse\/umbrela-de-soare-3x3m-pentru-terasa-si-gradina-aluminiu-pliabilacu-iluminare-led-culoare-gri-antracit-include-suport-de-plastic\/\"]}]},{\"@type\":\"ImageObject\",\"inLanguage\":\"en-US\",\"@id\":\"https:\/\/wpc-expert.ro\/produse\/umbrela-de-soare-3x3m-pentru-terasa-si-gradina-aluminiu-pliabilacu-iluminare-led-culoare-gri-antracit-include-suport-de-plastic\/#primaryimage\",\"url\":\"https:\/\/wpc-expert.ro\/wp-content\/uploads\/2025\/12\/Umbrela-de-soare-3x3m-pentru-terasa-si-gradina-aluminiu-pliabilacu-iluminare-LED-culoare-kaki-include-suport-de-plastic.webp\",\"contentUrl\":\"https:\/\/wpc-expert.ro\/wp-content\/uploads\/2025\/12\/Umbrela-de-soare-3x3m-pentru-terasa-si-gradina-aluminiu-pliabilacu-iluminare-LED-culoare-kaki-include-suport-de-plastic.webp\",\"width\":1800,\"height\":1161},{\"@type\":\"BreadcrumbList\",\"@id\":\"https:\/\/wpc-expert.ro\/produse\/umbrela-de-soare-3x3m-pentru-terasa-si-gradina-aluminiu-pliabilacu-iluminare-led-culoare-gri-antracit-include-suport-de-plastic\/#breadcrumb\",\"itemListElement\":[{\"@type\":\"ListItem\",\"position\":1,\"name\":\"Prima pagin\u0103\",\"item\":\"https:\/\/wpc-expert.ro\/\"},{\"@type\":\"ListItem\",\"position\":2,\"name\":\"Magazin\",\"item\":\"https:\/\/wpc-expert.ro\/magazin\/\"},{\"@type\":\"ListItem\",\"position\":3,\"name\":\"Umbrela de soare 3x3m pentru terasa si gradina, aluminiu, pliabila,cu iluminare LED, culoare gri antracit, include suport de plastic\"}]},{\"@type\":\"WebSite\",\"@id\":\"https:\/\/wpc-expert.ro\/#website\",\"url\":\"https:\/\/wpc-expert.ro\/\",\"name\":\"WPC Pro Expert\",\"description\":\"Expertii profilelor WPC (lemn compozit) din judetul Brasov\",\"publisher\":{\"@id\":\"https:\/\/wpc-expert.ro\/#organization\"},\"potentialAction\":[{\"@type\":\"SearchAction\",\"target\":{\"@type\":\"EntryPoint\",\"urlTemplate\":\"https:\/\/wpc-expert.ro\/?s={search_term_string}\"},\"query-input\":{\"@type\":\"PropertyValueSpecification\",\"valueRequired\":true,\"valueName\":\"search_term_string\"}}],\"inLanguage\":\"en-US\"},{\"@type\":\"Organization\",\"@id\":\"https:\/\/wpc-expert.ro\/#organization\",\"name\":\"WPC Pro Expert\",\"url\":\"https:\/\/wpc-expert.ro\/\",\"logo\":{\"@type\":\"ImageObject\",\"inLanguage\":\"en-US\",\"@id\":\"https:\/\/wpc-expert.ro\/#\/schema\/logo\/image\/\",\"url\":\"https:\/\/wpc-expert.ro\/wp-content\/uploads\/2024\/05\/wpc.jpg\",\"contentUrl\":\"https:\/\/wpc-expert.ro\/wp-content\/uploads\/2024\/05\/wpc.jpg\",\"width\":299,\"height\":169,\"caption\":\"WPC Pro Expert\"},\"image\":{\"@id\":\"https:\/\/wpc-expert.ro\/#\/schema\/logo\/image\/\"}}]}<\/script>\n<!-- \/ Yoast SEO plugin. -->","yoast_head_json":{"title":"Umbrela de soare 3x3m pentru terasa si gradina, aluminiu, pliabila,cu iluminare LED, culoare gri antracit, include suport de plastic - WPC Pro Expert","description":"Umbrela de soare 3x3m pentru terasa si gradina, aluminiu, pliabila,cu iluminare LED, culoare gri antracit, include suport de plastic - WPC Pro Expert Brasov","robots":{"index":"index","follow":"follow","max-snippet":"max-snippet:-1","max-image-preview":"max-image-preview:large","max-video-preview":"max-video-preview:-1"},"canonical":"https:\/\/wpc-expert.ro\/en\/produse\/umbrela-de-soare-3x3m-pentru-terasa-si-gradina-aluminiu-pliabilacu-iluminare-led-culoare-gri-antracit-include-suport-de-plastic\/","og_locale":"en_US","og_type":"article","og_title":"Umbrela de soare 3x3m pentru terasa si gradina, aluminiu, pliabila,cu iluminare LED, culoare gri antracit, include suport de plastic - WPC Pro Expert","og_description":"Umbrela de soare 3x3m pentru terasa si gradina, aluminiu, pliabila,cu iluminare LED, culoare gri antracit, include suport de plastic - WPC Pro Expert Brasov","og_url":"https:\/\/wpc-expert.ro\/en\/produse\/umbrela-de-soare-3x3m-pentru-terasa-si-gradina-aluminiu-pliabilacu-iluminare-led-culoare-gri-antracit-include-suport-de-plastic\/","og_site_name":"WPC Pro Expert","og_image":[{"width":1800,"height":1161,"url":"https:\/\/wpc-expert.ro\/wp-content\/uploads\/2025\/12\/Umbrela-de-soare-3x3m-pentru-terasa-si-gradina-aluminiu-pliabilacu-iluminare-LED-culoare-kaki-include-suport-de-plastic.webp","type":"image\/webp"}],"twitter_card":"summary_large_image","twitter_misc":{"Est. reading time":"1 minute"},"schema":{"@context":"https:\/\/schema.org","@graph":[{"@type":"WebPage","@id":"https:\/\/wpc-expert.ro\/produse\/umbrela-de-soare-3x3m-pentru-terasa-si-gradina-aluminiu-pliabilacu-iluminare-led-culoare-gri-antracit-include-suport-de-plastic\/","url":"https:\/\/wpc-expert.ro\/produse\/umbrela-de-soare-3x3m-pentru-terasa-si-gradina-aluminiu-pliabilacu-iluminare-led-culoare-gri-antracit-include-suport-de-plastic\/","name":"Umbrela de soare 3x3m pentru terasa si gradina, aluminiu, pliabila,cu iluminare LED, culoare gri antracit, include suport de plastic - WPC Pro Expert","isPartOf":{"@id":"https:\/\/wpc-expert.ro\/#website"},"primaryImageOfPage":{"@id":"https:\/\/wpc-expert.ro\/produse\/umbrela-de-soare-3x3m-pentru-terasa-si-gradina-aluminiu-pliabilacu-iluminare-led-culoare-gri-antracit-include-suport-de-plastic\/#primaryimage"},"image":{"@id":"https:\/\/wpc-expert.ro\/produse\/umbrela-de-soare-3x3m-pentru-terasa-si-gradina-aluminiu-pliabilacu-iluminare-led-culoare-gri-antracit-include-suport-de-plastic\/#primaryimage"},"thumbnailUrl":"https:\/\/wpc-expert.ro\/wp-content\/uploads\/2025\/12\/Umbrela-de-soare-3x3m-pentru-terasa-si-gradina-aluminiu-pliabilacu-iluminare-LED-culoare-kaki-include-suport-de-plastic.webp","datePublished":"2025-12-03T07:09:52+00:00","description":"Umbrela de soare 3x3m pentru terasa si gradina, aluminiu, pliabila,cu iluminare LED, culoare gri antracit, include suport de plastic - WPC Pro Expert Brasov","breadcrumb":{"@id":"https:\/\/wpc-expert.ro\/produse\/umbrela-de-soare-3x3m-pentru-terasa-si-gradina-aluminiu-pliabilacu-iluminare-led-culoare-gri-antracit-include-suport-de-plastic\/#breadcrumb"},"inLanguage":"en-US","potentialAction":[{"@type":"ReadAction","target":["https:\/\/wpc-expert.ro\/produse\/umbrela-de-soare-3x3m-pentru-terasa-si-gradina-aluminiu-pliabilacu-iluminare-led-culoare-gri-antracit-include-suport-de-plastic\/"]}]},{"@type":"ImageObject","inLanguage":"en-US","@id":"https:\/\/wpc-expert.ro\/produse\/umbrela-de-soare-3x3m-pentru-terasa-si-gradina-aluminiu-pliabilacu-iluminare-led-culoare-gri-antracit-include-suport-de-plastic\/#primaryimage","url":"https:\/\/wpc-expert.ro\/wp-content\/uploads\/2025\/12\/Umbrela-de-soare-3x3m-pentru-terasa-si-gradina-aluminiu-pliabilacu-iluminare-LED-culoare-kaki-include-suport-de-plastic.webp","contentUrl":"https:\/\/wpc-expert.ro\/wp-content\/uploads\/2025\/12\/Umbrela-de-soare-3x3m-pentru-terasa-si-gradina-aluminiu-pliabilacu-iluminare-LED-culoare-kaki-include-suport-de-plastic.webp","width":1800,"height":1161},{"@type":"BreadcrumbList","@id":"https:\/\/wpc-expert.ro\/produse\/umbrela-de-soare-3x3m-pentru-terasa-si-gradina-aluminiu-pliabilacu-iluminare-led-culoare-gri-antracit-include-suport-de-plastic\/#breadcrumb","itemListElement":[{"@type":"ListItem","position":1,"name":"Prima pagin\u0103","item":"https:\/\/wpc-expert.ro\/"},{"@type":"ListItem","position":2,"name":"Magazin","item":"https:\/\/wpc-expert.ro\/magazin\/"},{"@type":"ListItem","position":3,"name":"Umbrela de soare 3x3m pentru terasa si gradina, aluminiu, pliabila,cu iluminare LED, culoare gri antracit, include suport de plastic"}]},{"@type":"WebSite","@id":"https:\/\/wpc-expert.ro\/#website","url":"https:\/\/wpc-expert.ro\/","name":"WPC Pro Expert","description":"Expertii profilelor WPC (lemn compozit) din judetul Brasov","publisher":{"@id":"https:\/\/wpc-expert.ro\/#organization"},"potentialAction":[{"@type":"SearchAction","target":{"@type":"EntryPoint","urlTemplate":"https:\/\/wpc-expert.ro\/?s={search_term_string}"},"query-input":{"@type":"PropertyValueSpecification","valueRequired":true,"valueName":"search_term_string"}}],"inLanguage":"en-US"},{"@type":"Organization","@id":"https:\/\/wpc-expert.ro\/#organization","name":"WPC Pro Expert","url":"https:\/\/wpc-expert.ro\/","logo":{"@type":"ImageObject","inLanguage":"en-US","@id":"https:\/\/wpc-expert.ro\/#\/schema\/logo\/image\/","url":"https:\/\/wpc-expert.ro\/wp-content\/uploads\/2024\/05\/wpc.jpg","contentUrl":"https:\/\/wpc-expert.ro\/wp-content\/uploads\/2024\/05\/wpc.jpg","width":299,"height":169,"caption":"WPC Pro Expert"},"image":{"@id":"https:\/\/wpc-expert.ro\/#\/schema\/logo\/image\/"}}]}},"_links":{"self":[{"href":"https:\/\/wpc-expert.ro\/en\/wp-json\/wp\/v2\/product\/3791","targetHints":{"allow":["GET"]}}],"collection":[{"href":"https:\/\/wpc-expert.ro\/en\/wp-json\/wp\/v2\/product"}],"about":[{"href":"https:\/\/wpc-expert.ro\/en\/wp-json\/wp\/v2\/types\/product"}],"wp:featuredmedia":[{"embeddable":true,"href":"https:\/\/wpc-expert.ro\/en\/wp-json\/wp\/v2\/media\/3793"}],"wp:attachment":[{"href":"https:\/\/wpc-expert.ro\/en\/wp-json\/wp\/v2\/media?parent=3791"}],"wp:term":[{"taxonomy":"product_brand","embeddable":true,"href":"https:\/\/wpc-expert.ro\/en\/wp-json\/wp\/v2\/product_brand?post=3791"},{"taxonomy":"product_cat","embeddable":true,"href":"https:\/\/wpc-expert.ro\/en\/wp-json\/wp\/v2\/product_cat?post=3791"},{"taxonomy":"product_tag","embeddable":true,"href":"https:\/\/wpc-expert.ro\/en\/wp-json\/wp\/v2\/product_tag?post=3791"}],"curies":[{"name":"wp","href":"https:\/\/api.w.org\/{rel}","templated":true}]}}