{"id":3804,"date":"2025-12-03T07:16:31","date_gmt":"2025-12-03T07:16:31","guid":{"rendered":"https:\/\/wpc-expert.ro\/?post_type=product&#038;p=3804"},"modified":"2025-12-03T07:16:31","modified_gmt":"2025-12-03T07:16:31","slug":"sezlong-premium-din-aluminiu-pentru-terasa-gradina-balcon-model-dubai","status":"publish","type":"product","link":"https:\/\/wpc-expert.ro\/en\/produse\/sezlong-premium-din-aluminiu-pentru-terasa-gradina-balcon-model-dubai\/","title":{"rendered":"Sezlong premium din aluminiu, pentru terasa\/gradina\/balcon, model Dubai"},"content":{"rendered":"<p><b>Momentan produsul nu este in stoc, se preiau doar precomenzi. Precomanda poate fi de doua feluri:<\/b><\/p>\n<ol>\n<li><b> Precomanda in baza unui avans de 50% din valoarea comenzii. Garantam rezervarea produsului si onorarea comenzii in momentul in care marfa intra pe stoc. De asemenea, se beneficiaza de pretul redus marcat cu galben.<\/b><\/li>\n<li><b> Precomanda fara plata unui avans si automat fara rezervarea produsului. In momentul in care produsul intra pe stoc se vor onora comenzile in ordinea in care au fost primite. Nu garantam onorarea comenzii, intrucat este posibil sa nu ramana stoc suficient. Pretul este cel cu rosu, fara extra discount.<\/b><\/li>\n<\/ol>\n<p><u><b>Pentru preluarea precomenzii va rugam sa plasati comanda pe site pentru produsul dorit si un consultant Virtuoso va va contacta pentru a incheia procesul<\/b><\/u><\/p>\n<p><b><strong>Sezlongul premium din aluminiu Dubai\u00a0<\/strong><\/b>este un element modern care confer\u0103 un aspect elegant, modern \u0219i rafinat terasei tale.<\/p>\n<p>Materialul utilizat este aluminiul, care se remarc\u0103 prin greutatea redus\u0103, rezisten\u021ba la coroziune, durabilitatea sporit\u0103 \u0219i \u00eentre\u021binerea u\u0219oar\u0103, iar desingul pernelor aduce un plus de elegan\u021b\u0103 \u0219i rafinament.<\/p>\n<p>Comand\u0103 acum sezlongul de teras\u0103 \u0219i vei crea unui spa\u021biu dedicat relax\u0103rii \u0219i petrecerii timpului ca cititul, bronzatul sau contemplarea naturii \u00een teras\u0103 \/gr\u0103din\u0103 ta.<\/p>\n<p>Cu excep\u021bia huselor, mobilierul DUBAI poate fi p\u0103strat \u00een exterior pe toat\u0103 durata anului.<\/p>\n<p>&nbsp;<\/p>\n<p><b><strong>Husele pernelor<\/strong><\/b>\u00a0sunt facute din olefina de densitate 240g,\u00a0<b><strong>material de inalta calitate<\/strong><\/b>, alegerea perfecta pentru mobilier de exterior datorita caracteristicilor sale:<\/p>\n<p>&#8211;\u00a0\u00a0\u00a0\u00a0\u00a0\u00a0\u00a0\u00a0\u00a0Este un material\u00a0<b><strong>rezistent la apa<\/strong><\/b>, cu un tratament special hidrofug\u00a0Rezistent la mucegai, pete de murdarie, se curata usor<\/p>\n<p>&#8211;\u00a0\u00a0\u00a0\u00a0\u00a0\u00a0\u00a0\u00a0\u00a0Durabil si r<b><strong>ezistent la abraziune<\/strong><\/b><\/p>\n<p>&#8211;\u00a0\u00a0\u00a0\u00a0\u00a0\u00a0\u00a0\u00a0\u00a0Are un grad ridicat de\u00a0<b><strong>pastrare a culorii<\/strong><\/b>\u00a0in timp, rezistenta la decolorare<\/p>\n<p>Buretii pernelor sunt bureti 32D de inalta densitate.<\/p>\n<p>Recomandam depozitarea pernelor in interior in caz de ploaie sau furtuna intrucat materialul nu este 100% impermeabil.<\/p>\n<p>Produsul include si pernele afisate in imaginea de prezentare.<\/p>\n<p>Produsele se pot vizualiza in showroom-ul nostru central din Otopeni, langa Bucuresti.<\/p>\n<p>Caracteristici<\/p>\n<p>Dimensiuni sezlong<\/p>\n<p>Inaltime: 28cm\u00a0Lungime: 200cm\u00a0Latime: 83cm<\/p>\n<p>Material structura<\/p>\n<p>Aluminiu tratat 6063<\/p>\n<p>Material perne<\/p>\n<p>Olefina densitate 240g<\/p>\n<p>Inaltime perne<\/p>\n<p>Inaltime: 10cm<\/p>","protected":false},"excerpt":{"rendered":"<p>Momentan produsul nu este in stoc, se preiau doar precomenzi. Precomanda poate fi de doua feluri: Precomanda in baza unui avans de 50% din valoarea comenzii. Garantam rezervarea produsului si onorarea comenzii in momentul in care marfa intra pe stoc. De asemenea, se beneficiaza de pretul redus marcat cu galben. Precomanda fara plata unui avans [&hellip;]<\/p>\n","protected":false},"featured_media":3805,"template":"","meta":[],"product_brand":[],"product_cat":[22,87],"product_tag":[],"class_list":{"0":"post-3804","1":"product","2":"type-product","3":"status-publish","4":"has-post-thumbnail","6":"product_cat-mobilier-gradina","7":"product_cat-sezlonguri-gradina","9":"first","10":"instock","11":"shipping-taxable","12":"product-type-simple"},"yoast_head":"<!-- This site is optimized with the Yoast SEO plugin v26.5 - https:\/\/yoast.com\/wordpress\/plugins\/seo\/ -->\n<title>Sezlong premium din aluminiu, pentru terasa\/gradina\/balcon, model Dubai - WPC Pro Expert<\/title>\n<meta name=\"description\" content=\"Sezlong premium din aluminiu, pentru terasa\/gradina\/balcon, model Dubai - WPC Pro Expert Brasov\" \/>\n<meta name=\"robots\" content=\"index, follow, max-snippet:-1, max-image-preview:large, max-video-preview:-1\" \/>\n<link rel=\"canonical\" href=\"https:\/\/wpc-expert.ro\/en\/produse\/sezlong-premium-din-aluminiu-pentru-terasa-gradina-balcon-model-dubai\/\" \/>\n<meta property=\"og:locale\" content=\"en_US\" \/>\n<meta property=\"og:type\" content=\"article\" \/>\n<meta property=\"og:title\" content=\"Sezlong premium din aluminiu, pentru terasa\/gradina\/balcon, model Dubai - WPC Pro Expert\" \/>\n<meta property=\"og:description\" content=\"Sezlong premium din aluminiu, pentru terasa\/gradina\/balcon, model Dubai - WPC Pro Expert Brasov\" \/>\n<meta property=\"og:url\" content=\"https:\/\/wpc-expert.ro\/en\/produse\/sezlong-premium-din-aluminiu-pentru-terasa-gradina-balcon-model-dubai\/\" \/>\n<meta property=\"og:site_name\" content=\"WPC Pro Expert\" \/>\n<meta property=\"og:image\" content=\"https:\/\/wpc-expert.ro\/wp-content\/uploads\/2025\/12\/Sezlong-premium-din-aluminiu-pentru-terasa-gradina-balcon-model-Dubai.webp\" \/>\n\t<meta property=\"og:image:width\" content=\"1800\" \/>\n\t<meta property=\"og:image:height\" content=\"1161\" \/>\n\t<meta property=\"og:image:type\" content=\"image\/webp\" \/>\n<meta name=\"twitter:card\" content=\"summary_large_image\" \/>\n<meta name=\"twitter:label1\" content=\"Est. reading time\" \/>\n\t<meta name=\"twitter:data1\" content=\"2 minutes\" \/>\n<script type=\"application\/ld+json\" class=\"yoast-schema-graph\">{\"@context\":\"https:\/\/schema.org\",\"@graph\":[{\"@type\":\"WebPage\",\"@id\":\"https:\/\/wpc-expert.ro\/produse\/sezlong-premium-din-aluminiu-pentru-terasa-gradina-balcon-model-dubai\/\",\"url\":\"https:\/\/wpc-expert.ro\/produse\/sezlong-premium-din-aluminiu-pentru-terasa-gradina-balcon-model-dubai\/\",\"name\":\"Sezlong premium din aluminiu, pentru terasa\/gradina\/balcon, model Dubai - WPC Pro Expert\",\"isPartOf\":{\"@id\":\"https:\/\/wpc-expert.ro\/#website\"},\"primaryImageOfPage\":{\"@id\":\"https:\/\/wpc-expert.ro\/produse\/sezlong-premium-din-aluminiu-pentru-terasa-gradina-balcon-model-dubai\/#primaryimage\"},\"image\":{\"@id\":\"https:\/\/wpc-expert.ro\/produse\/sezlong-premium-din-aluminiu-pentru-terasa-gradina-balcon-model-dubai\/#primaryimage\"},\"thumbnailUrl\":\"https:\/\/wpc-expert.ro\/wp-content\/uploads\/2025\/12\/Sezlong-premium-din-aluminiu-pentru-terasa-gradina-balcon-model-Dubai.webp\",\"datePublished\":\"2025-12-03T07:16:31+00:00\",\"description\":\"Sezlong premium din aluminiu, pentru terasa\/gradina\/balcon, model Dubai - WPC Pro Expert Brasov\",\"breadcrumb\":{\"@id\":\"https:\/\/wpc-expert.ro\/produse\/sezlong-premium-din-aluminiu-pentru-terasa-gradina-balcon-model-dubai\/#breadcrumb\"},\"inLanguage\":\"en-US\",\"potentialAction\":[{\"@type\":\"ReadAction\",\"target\":[\"https:\/\/wpc-expert.ro\/produse\/sezlong-premium-din-aluminiu-pentru-terasa-gradina-balcon-model-dubai\/\"]}]},{\"@type\":\"ImageObject\",\"inLanguage\":\"en-US\",\"@id\":\"https:\/\/wpc-expert.ro\/produse\/sezlong-premium-din-aluminiu-pentru-terasa-gradina-balcon-model-dubai\/#primaryimage\",\"url\":\"https:\/\/wpc-expert.ro\/wp-content\/uploads\/2025\/12\/Sezlong-premium-din-aluminiu-pentru-terasa-gradina-balcon-model-Dubai.webp\",\"contentUrl\":\"https:\/\/wpc-expert.ro\/wp-content\/uploads\/2025\/12\/Sezlong-premium-din-aluminiu-pentru-terasa-gradina-balcon-model-Dubai.webp\",\"width\":1800,\"height\":1161},{\"@type\":\"BreadcrumbList\",\"@id\":\"https:\/\/wpc-expert.ro\/produse\/sezlong-premium-din-aluminiu-pentru-terasa-gradina-balcon-model-dubai\/#breadcrumb\",\"itemListElement\":[{\"@type\":\"ListItem\",\"position\":1,\"name\":\"Prima pagin\u0103\",\"item\":\"https:\/\/wpc-expert.ro\/\"},{\"@type\":\"ListItem\",\"position\":2,\"name\":\"Magazin\",\"item\":\"https:\/\/wpc-expert.ro\/magazin\/\"},{\"@type\":\"ListItem\",\"position\":3,\"name\":\"Sezlong premium din aluminiu, pentru terasa\/gradina\/balcon, model Dubai\"}]},{\"@type\":\"WebSite\",\"@id\":\"https:\/\/wpc-expert.ro\/#website\",\"url\":\"https:\/\/wpc-expert.ro\/\",\"name\":\"WPC Pro Expert\",\"description\":\"Expertii profilelor WPC (lemn compozit) din judetul Brasov\",\"publisher\":{\"@id\":\"https:\/\/wpc-expert.ro\/#organization\"},\"potentialAction\":[{\"@type\":\"SearchAction\",\"target\":{\"@type\":\"EntryPoint\",\"urlTemplate\":\"https:\/\/wpc-expert.ro\/?s={search_term_string}\"},\"query-input\":{\"@type\":\"PropertyValueSpecification\",\"valueRequired\":true,\"valueName\":\"search_term_string\"}}],\"inLanguage\":\"en-US\"},{\"@type\":\"Organization\",\"@id\":\"https:\/\/wpc-expert.ro\/#organization\",\"name\":\"WPC Pro Expert\",\"url\":\"https:\/\/wpc-expert.ro\/\",\"logo\":{\"@type\":\"ImageObject\",\"inLanguage\":\"en-US\",\"@id\":\"https:\/\/wpc-expert.ro\/#\/schema\/logo\/image\/\",\"url\":\"https:\/\/wpc-expert.ro\/wp-content\/uploads\/2024\/05\/wpc.jpg\",\"contentUrl\":\"https:\/\/wpc-expert.ro\/wp-content\/uploads\/2024\/05\/wpc.jpg\",\"width\":299,\"height\":169,\"caption\":\"WPC Pro Expert\"},\"image\":{\"@id\":\"https:\/\/wpc-expert.ro\/#\/schema\/logo\/image\/\"}}]}<\/script>\n<!-- \/ Yoast SEO plugin. -->","yoast_head_json":{"title":"Sezlong premium din aluminiu, pentru terasa\/gradina\/balcon, model Dubai - WPC Pro Expert","description":"Sezlong premium din aluminiu, pentru terasa\/gradina\/balcon, model Dubai - WPC Pro Expert Brasov","robots":{"index":"index","follow":"follow","max-snippet":"max-snippet:-1","max-image-preview":"max-image-preview:large","max-video-preview":"max-video-preview:-1"},"canonical":"https:\/\/wpc-expert.ro\/en\/produse\/sezlong-premium-din-aluminiu-pentru-terasa-gradina-balcon-model-dubai\/","og_locale":"en_US","og_type":"article","og_title":"Sezlong premium din aluminiu, pentru terasa\/gradina\/balcon, model Dubai - WPC Pro Expert","og_description":"Sezlong premium din aluminiu, pentru terasa\/gradina\/balcon, model Dubai - WPC Pro Expert Brasov","og_url":"https:\/\/wpc-expert.ro\/en\/produse\/sezlong-premium-din-aluminiu-pentru-terasa-gradina-balcon-model-dubai\/","og_site_name":"WPC Pro Expert","og_image":[{"width":1800,"height":1161,"url":"https:\/\/wpc-expert.ro\/wp-content\/uploads\/2025\/12\/Sezlong-premium-din-aluminiu-pentru-terasa-gradina-balcon-model-Dubai.webp","type":"image\/webp"}],"twitter_card":"summary_large_image","twitter_misc":{"Est. reading time":"2 minutes"},"schema":{"@context":"https:\/\/schema.org","@graph":[{"@type":"WebPage","@id":"https:\/\/wpc-expert.ro\/produse\/sezlong-premium-din-aluminiu-pentru-terasa-gradina-balcon-model-dubai\/","url":"https:\/\/wpc-expert.ro\/produse\/sezlong-premium-din-aluminiu-pentru-terasa-gradina-balcon-model-dubai\/","name":"Sezlong premium din aluminiu, pentru terasa\/gradina\/balcon, model Dubai - WPC Pro Expert","isPartOf":{"@id":"https:\/\/wpc-expert.ro\/#website"},"primaryImageOfPage":{"@id":"https:\/\/wpc-expert.ro\/produse\/sezlong-premium-din-aluminiu-pentru-terasa-gradina-balcon-model-dubai\/#primaryimage"},"image":{"@id":"https:\/\/wpc-expert.ro\/produse\/sezlong-premium-din-aluminiu-pentru-terasa-gradina-balcon-model-dubai\/#primaryimage"},"thumbnailUrl":"https:\/\/wpc-expert.ro\/wp-content\/uploads\/2025\/12\/Sezlong-premium-din-aluminiu-pentru-terasa-gradina-balcon-model-Dubai.webp","datePublished":"2025-12-03T07:16:31+00:00","description":"Sezlong premium din aluminiu, pentru terasa\/gradina\/balcon, model Dubai - WPC Pro Expert Brasov","breadcrumb":{"@id":"https:\/\/wpc-expert.ro\/produse\/sezlong-premium-din-aluminiu-pentru-terasa-gradina-balcon-model-dubai\/#breadcrumb"},"inLanguage":"en-US","potentialAction":[{"@type":"ReadAction","target":["https:\/\/wpc-expert.ro\/produse\/sezlong-premium-din-aluminiu-pentru-terasa-gradina-balcon-model-dubai\/"]}]},{"@type":"ImageObject","inLanguage":"en-US","@id":"https:\/\/wpc-expert.ro\/produse\/sezlong-premium-din-aluminiu-pentru-terasa-gradina-balcon-model-dubai\/#primaryimage","url":"https:\/\/wpc-expert.ro\/wp-content\/uploads\/2025\/12\/Sezlong-premium-din-aluminiu-pentru-terasa-gradina-balcon-model-Dubai.webp","contentUrl":"https:\/\/wpc-expert.ro\/wp-content\/uploads\/2025\/12\/Sezlong-premium-din-aluminiu-pentru-terasa-gradina-balcon-model-Dubai.webp","width":1800,"height":1161},{"@type":"BreadcrumbList","@id":"https:\/\/wpc-expert.ro\/produse\/sezlong-premium-din-aluminiu-pentru-terasa-gradina-balcon-model-dubai\/#breadcrumb","itemListElement":[{"@type":"ListItem","position":1,"name":"Prima pagin\u0103","item":"https:\/\/wpc-expert.ro\/"},{"@type":"ListItem","position":2,"name":"Magazin","item":"https:\/\/wpc-expert.ro\/magazin\/"},{"@type":"ListItem","position":3,"name":"Sezlong premium din aluminiu, pentru terasa\/gradina\/balcon, model Dubai"}]},{"@type":"WebSite","@id":"https:\/\/wpc-expert.ro\/#website","url":"https:\/\/wpc-expert.ro\/","name":"WPC Pro Expert","description":"Expertii profilelor WPC (lemn compozit) din judetul Brasov","publisher":{"@id":"https:\/\/wpc-expert.ro\/#organization"},"potentialAction":[{"@type":"SearchAction","target":{"@type":"EntryPoint","urlTemplate":"https:\/\/wpc-expert.ro\/?s={search_term_string}"},"query-input":{"@type":"PropertyValueSpecification","valueRequired":true,"valueName":"search_term_string"}}],"inLanguage":"en-US"},{"@type":"Organization","@id":"https:\/\/wpc-expert.ro\/#organization","name":"WPC Pro Expert","url":"https:\/\/wpc-expert.ro\/","logo":{"@type":"ImageObject","inLanguage":"en-US","@id":"https:\/\/wpc-expert.ro\/#\/schema\/logo\/image\/","url":"https:\/\/wpc-expert.ro\/wp-content\/uploads\/2024\/05\/wpc.jpg","contentUrl":"https:\/\/wpc-expert.ro\/wp-content\/uploads\/2024\/05\/wpc.jpg","width":299,"height":169,"caption":"WPC Pro Expert"},"image":{"@id":"https:\/\/wpc-expert.ro\/#\/schema\/logo\/image\/"}}]}},"_links":{"self":[{"href":"https:\/\/wpc-expert.ro\/en\/wp-json\/wp\/v2\/product\/3804","targetHints":{"allow":["GET"]}}],"collection":[{"href":"https:\/\/wpc-expert.ro\/en\/wp-json\/wp\/v2\/product"}],"about":[{"href":"https:\/\/wpc-expert.ro\/en\/wp-json\/wp\/v2\/types\/product"}],"wp:featuredmedia":[{"embeddable":true,"href":"https:\/\/wpc-expert.ro\/en\/wp-json\/wp\/v2\/media\/3805"}],"wp:attachment":[{"href":"https:\/\/wpc-expert.ro\/en\/wp-json\/wp\/v2\/media?parent=3804"}],"wp:term":[{"taxonomy":"product_brand","embeddable":true,"href":"https:\/\/wpc-expert.ro\/en\/wp-json\/wp\/v2\/product_brand?post=3804"},{"taxonomy":"product_cat","embeddable":true,"href":"https:\/\/wpc-expert.ro\/en\/wp-json\/wp\/v2\/product_cat?post=3804"},{"taxonomy":"product_tag","embeddable":true,"href":"https:\/\/wpc-expert.ro\/en\/wp-json\/wp\/v2\/product_tag?post=3804"}],"curies":[{"name":"wp","href":"https:\/\/api.w.org\/{rel}","templated":true}]}}