{"id":3829,"date":"2025-12-03T10:39:00","date_gmt":"2025-12-03T10:39:00","guid":{"rendered":"https:\/\/wpc-expert.ro\/?post_type=product&#038;p=3829"},"modified":"2025-12-03T10:39:00","modified_gmt":"2025-12-03T10:39:00","slug":"aplica-de-exterior-rani-1xe27-aluminiu","status":"publish","type":"product","link":"https:\/\/wpc-expert.ro\/en\/produse\/aplica-de-exterior-rani-1xe27-aluminiu\/","title":{"rendered":"Aplica de exterior RANI, 1xE27, aluminiu"},"content":{"rendered":"<div class=\"p-2\">\n<p>Aplica de exterior RANI este o\u00a0<b>solu\u021bie de iluminat<\/b>\u00a0care \u00eembin\u0103 designul pl\u0103cut cu func\u021bionalitatea, av\u00e2nd o carcas\u0103 robust\u0103 din aluminiu gri antracit, conceput\u0103 pentru a rezista \u00een\u00a0<b>diverse condi\u021bii meteorologice.<\/b>\u00a0Stilul s\u0103u\u00a0<b>modern \u0219i minimalist<\/b>\u00a0se potrive\u0219te perfect cu toate produsele VIRTUOSO MODERN HOME SYSTEMS,\u00a0<b>oferind o estetic\u0103 unitar\u0103 \u0219i contemporan\u0103 pentru curtea ta.<\/b>\u00a0Aceast\u0103 aplica nu doar c\u0103 ofer\u0103 o iluminare eficient\u0103, dar adaug\u0103 \u0219i un plus de\u00a0<b>elegan\u021b\u0103 spa\u021biului exterior al casei tale.<\/b><\/p>\n<p><b>Cu o rezisten\u021b\u0103 sporit\u0103 la intemperii<\/b>, aplica RANI asigur\u0103 durabilitate \u0219i performan\u021b\u0103 pe termen lung. Versatil\u0103 \u0219i sofisticat\u0103,\u00a0<b>se integreaz\u0103 armonios at\u00e2t \u00een decorurile moderne<\/b>,<b>\u00a0c\u00e2t \u0219i \u00een cele clasice,<\/b>\u00a0oferind o lumin\u0103 cald\u0103 \u0219i primitoare.\u00a0<b>U\u0219or de instalat \u0219i de \u00eentre\u021binut, este ideal\u0103 pentru iluminarea aleilor, teraselor sau a gr\u0103dinilor,<\/b>\u00a0contribuind la crearea unui\u00a0<b>ambient confortabil \u0219i sigur.<\/b><\/p>\n<\/div>\n<div class=\"row mx-0 justify-content-center\">\n<div class=\"col-12 col-lg-3 px-0\">\n<div id=\"tab-specification\">\n<div class=\"table table-bordered\">\n<div class=\"numecategattr\">Caracteristici<\/div>\n<div class=\"mb-3\">\n<div class=\"row randattr mx-0\">\n<div class=\"col-4 numerandattr\">Bec inclus<\/div>\n<div class=\"col-8 txtrandattr\">Nu<\/div>\n<\/div>\n<div class=\"row randattr mx-0\">\n<div class=\"col-4 numerandattr\">Dispersor<\/div>\n<div class=\"col-8 txtrandattr\">Plastic<\/div>\n<\/div>\n<div class=\"row randattr mx-0\">\n<div class=\"col-4 numerandattr\">Grad de protectie umiditate<\/div>\n<div class=\"col-8 txtrandattr\">IP44<\/div>\n<\/div>\n<div class=\"row randattr mx-0\">\n<div class=\"col-4 numerandattr\">Putere maxima a sursei<\/div>\n<div class=\"col-8 txtrandattr\">40W<\/div>\n<\/div>\n<div class=\"row randattr mx-0\">\n<div class=\"col-4 numerandattr\">Soclu<\/div>\n<div class=\"col-8 txtrandattr\">E27<\/div>\n<\/div>\n<div class=\"row randattr mx-0\">\n<div class=\"col-4 numerandattr\">Tensiune<\/div>\n<div class=\"col-8 txtrandattr\">220-240V<\/div>\n<\/div>\n<div class=\"row randattr mx-0\">\n<div class=\"col-4 numerandattr\">Dimensiune<\/div>\n<div class=\"col-8 txtrandattr\">Standard: 80 x 108 x 167 mm<\/div>\n<\/div>\n<\/div>\n<\/div>\n<\/div>\n<\/div>\n<\/div>","protected":false},"excerpt":{"rendered":"<p>Aplica de exterior RANI este o\u00a0solu\u021bie de iluminat\u00a0care \u00eembin\u0103 designul pl\u0103cut cu func\u021bionalitatea, av\u00e2nd o carcas\u0103 robust\u0103 din aluminiu gri antracit, conceput\u0103 pentru a rezista \u00een\u00a0diverse condi\u021bii meteorologice.\u00a0Stilul s\u0103u\u00a0modern \u0219i minimalist\u00a0se potrive\u0219te perfect cu toate produsele VIRTUOSO MODERN HOME SYSTEMS,\u00a0oferind o estetic\u0103 unitar\u0103 \u0219i contemporan\u0103 pentru curtea ta.\u00a0Aceast\u0103 aplica nu doar c\u0103 ofer\u0103 o iluminare [&hellip;]<\/p>\n","protected":false},"featured_media":3830,"template":"","meta":[],"product_brand":[],"product_cat":[23,88],"product_tag":[],"class_list":{"0":"post-3829","1":"product","2":"type-product","3":"status-publish","4":"has-post-thumbnail","6":"product_cat-amenajari-exterioare","7":"product_cat-corpuri-de-iluminat","9":"first","10":"instock","11":"shipping-taxable","12":"product-type-simple"},"yoast_head":"<!-- This site is optimized with the Yoast SEO plugin v26.5 - https:\/\/yoast.com\/wordpress\/plugins\/seo\/ -->\n<title>Aplica de exterior RANI, 1xE27, aluminiu - WPC Pro Expert<\/title>\n<meta name=\"description\" content=\"Aplica de exterior RANI, 1xE27, aluminiu - WPC Pro Expert Brasov\" \/>\n<meta name=\"robots\" content=\"index, follow, max-snippet:-1, max-image-preview:large, max-video-preview:-1\" \/>\n<link rel=\"canonical\" href=\"https:\/\/wpc-expert.ro\/en\/produse\/aplica-de-exterior-rani-1xe27-aluminiu\/\" \/>\n<meta property=\"og:locale\" content=\"en_US\" \/>\n<meta property=\"og:type\" content=\"article\" \/>\n<meta property=\"og:title\" content=\"Aplica de exterior RANI, 1xE27, aluminiu - WPC Pro Expert\" \/>\n<meta property=\"og:description\" content=\"Aplica de exterior RANI, 1xE27, aluminiu - WPC Pro Expert Brasov\" \/>\n<meta property=\"og:url\" content=\"https:\/\/wpc-expert.ro\/en\/produse\/aplica-de-exterior-rani-1xe27-aluminiu\/\" \/>\n<meta property=\"og:site_name\" content=\"WPC Pro Expert\" \/>\n<meta property=\"og:image\" content=\"https:\/\/wpc-expert.ro\/wp-content\/uploads\/2025\/12\/Aplica-de-exterior-RANI-1xE27-aluminiu.webp\" \/>\n\t<meta property=\"og:image:width\" content=\"1800\" \/>\n\t<meta property=\"og:image:height\" content=\"1161\" \/>\n\t<meta property=\"og:image:type\" content=\"image\/webp\" \/>\n<meta name=\"twitter:card\" content=\"summary_large_image\" \/>\n<meta name=\"twitter:label1\" content=\"Est. reading time\" \/>\n\t<meta name=\"twitter:data1\" content=\"1 minute\" \/>\n<script type=\"application\/ld+json\" class=\"yoast-schema-graph\">{\"@context\":\"https:\/\/schema.org\",\"@graph\":[{\"@type\":\"WebPage\",\"@id\":\"https:\/\/wpc-expert.ro\/produse\/aplica-de-exterior-rani-1xe27-aluminiu\/\",\"url\":\"https:\/\/wpc-expert.ro\/produse\/aplica-de-exterior-rani-1xe27-aluminiu\/\",\"name\":\"Aplica de exterior RANI, 1xE27, aluminiu - WPC Pro Expert\",\"isPartOf\":{\"@id\":\"https:\/\/wpc-expert.ro\/#website\"},\"primaryImageOfPage\":{\"@id\":\"https:\/\/wpc-expert.ro\/produse\/aplica-de-exterior-rani-1xe27-aluminiu\/#primaryimage\"},\"image\":{\"@id\":\"https:\/\/wpc-expert.ro\/produse\/aplica-de-exterior-rani-1xe27-aluminiu\/#primaryimage\"},\"thumbnailUrl\":\"https:\/\/wpc-expert.ro\/wp-content\/uploads\/2025\/12\/Aplica-de-exterior-RANI-1xE27-aluminiu.webp\",\"datePublished\":\"2025-12-03T10:39:00+00:00\",\"description\":\"Aplica de exterior RANI, 1xE27, aluminiu - WPC Pro Expert Brasov\",\"breadcrumb\":{\"@id\":\"https:\/\/wpc-expert.ro\/produse\/aplica-de-exterior-rani-1xe27-aluminiu\/#breadcrumb\"},\"inLanguage\":\"en-US\",\"potentialAction\":[{\"@type\":\"ReadAction\",\"target\":[\"https:\/\/wpc-expert.ro\/produse\/aplica-de-exterior-rani-1xe27-aluminiu\/\"]}]},{\"@type\":\"ImageObject\",\"inLanguage\":\"en-US\",\"@id\":\"https:\/\/wpc-expert.ro\/produse\/aplica-de-exterior-rani-1xe27-aluminiu\/#primaryimage\",\"url\":\"https:\/\/wpc-expert.ro\/wp-content\/uploads\/2025\/12\/Aplica-de-exterior-RANI-1xE27-aluminiu.webp\",\"contentUrl\":\"https:\/\/wpc-expert.ro\/wp-content\/uploads\/2025\/12\/Aplica-de-exterior-RANI-1xE27-aluminiu.webp\",\"width\":1800,\"height\":1161},{\"@type\":\"BreadcrumbList\",\"@id\":\"https:\/\/wpc-expert.ro\/produse\/aplica-de-exterior-rani-1xe27-aluminiu\/#breadcrumb\",\"itemListElement\":[{\"@type\":\"ListItem\",\"position\":1,\"name\":\"Prima pagin\u0103\",\"item\":\"https:\/\/wpc-expert.ro\/\"},{\"@type\":\"ListItem\",\"position\":2,\"name\":\"Magazin\",\"item\":\"https:\/\/wpc-expert.ro\/magazin\/\"},{\"@type\":\"ListItem\",\"position\":3,\"name\":\"Aplica de exterior RANI, 1xE27, aluminiu\"}]},{\"@type\":\"WebSite\",\"@id\":\"https:\/\/wpc-expert.ro\/#website\",\"url\":\"https:\/\/wpc-expert.ro\/\",\"name\":\"WPC Pro Expert\",\"description\":\"Expertii profilelor WPC (lemn compozit) din judetul Brasov\",\"publisher\":{\"@id\":\"https:\/\/wpc-expert.ro\/#organization\"},\"potentialAction\":[{\"@type\":\"SearchAction\",\"target\":{\"@type\":\"EntryPoint\",\"urlTemplate\":\"https:\/\/wpc-expert.ro\/?s={search_term_string}\"},\"query-input\":{\"@type\":\"PropertyValueSpecification\",\"valueRequired\":true,\"valueName\":\"search_term_string\"}}],\"inLanguage\":\"en-US\"},{\"@type\":\"Organization\",\"@id\":\"https:\/\/wpc-expert.ro\/#organization\",\"name\":\"WPC Pro Expert\",\"url\":\"https:\/\/wpc-expert.ro\/\",\"logo\":{\"@type\":\"ImageObject\",\"inLanguage\":\"en-US\",\"@id\":\"https:\/\/wpc-expert.ro\/#\/schema\/logo\/image\/\",\"url\":\"https:\/\/wpc-expert.ro\/wp-content\/uploads\/2024\/05\/wpc.jpg\",\"contentUrl\":\"https:\/\/wpc-expert.ro\/wp-content\/uploads\/2024\/05\/wpc.jpg\",\"width\":299,\"height\":169,\"caption\":\"WPC Pro Expert\"},\"image\":{\"@id\":\"https:\/\/wpc-expert.ro\/#\/schema\/logo\/image\/\"}}]}<\/script>\n<!-- \/ Yoast SEO plugin. -->","yoast_head_json":{"title":"Aplica de exterior RANI, 1xE27, aluminiu - WPC Pro Expert","description":"Aplica de exterior RANI, 1xE27, aluminiu - WPC Pro Expert Brasov","robots":{"index":"index","follow":"follow","max-snippet":"max-snippet:-1","max-image-preview":"max-image-preview:large","max-video-preview":"max-video-preview:-1"},"canonical":"https:\/\/wpc-expert.ro\/en\/produse\/aplica-de-exterior-rani-1xe27-aluminiu\/","og_locale":"en_US","og_type":"article","og_title":"Aplica de exterior RANI, 1xE27, aluminiu - WPC Pro Expert","og_description":"Aplica de exterior RANI, 1xE27, aluminiu - WPC Pro Expert Brasov","og_url":"https:\/\/wpc-expert.ro\/en\/produse\/aplica-de-exterior-rani-1xe27-aluminiu\/","og_site_name":"WPC Pro Expert","og_image":[{"width":1800,"height":1161,"url":"https:\/\/wpc-expert.ro\/wp-content\/uploads\/2025\/12\/Aplica-de-exterior-RANI-1xE27-aluminiu.webp","type":"image\/webp"}],"twitter_card":"summary_large_image","twitter_misc":{"Est. reading time":"1 minute"},"schema":{"@context":"https:\/\/schema.org","@graph":[{"@type":"WebPage","@id":"https:\/\/wpc-expert.ro\/produse\/aplica-de-exterior-rani-1xe27-aluminiu\/","url":"https:\/\/wpc-expert.ro\/produse\/aplica-de-exterior-rani-1xe27-aluminiu\/","name":"Aplica de exterior RANI, 1xE27, aluminiu - WPC Pro Expert","isPartOf":{"@id":"https:\/\/wpc-expert.ro\/#website"},"primaryImageOfPage":{"@id":"https:\/\/wpc-expert.ro\/produse\/aplica-de-exterior-rani-1xe27-aluminiu\/#primaryimage"},"image":{"@id":"https:\/\/wpc-expert.ro\/produse\/aplica-de-exterior-rani-1xe27-aluminiu\/#primaryimage"},"thumbnailUrl":"https:\/\/wpc-expert.ro\/wp-content\/uploads\/2025\/12\/Aplica-de-exterior-RANI-1xE27-aluminiu.webp","datePublished":"2025-12-03T10:39:00+00:00","description":"Aplica de exterior RANI, 1xE27, aluminiu - WPC Pro Expert Brasov","breadcrumb":{"@id":"https:\/\/wpc-expert.ro\/produse\/aplica-de-exterior-rani-1xe27-aluminiu\/#breadcrumb"},"inLanguage":"en-US","potentialAction":[{"@type":"ReadAction","target":["https:\/\/wpc-expert.ro\/produse\/aplica-de-exterior-rani-1xe27-aluminiu\/"]}]},{"@type":"ImageObject","inLanguage":"en-US","@id":"https:\/\/wpc-expert.ro\/produse\/aplica-de-exterior-rani-1xe27-aluminiu\/#primaryimage","url":"https:\/\/wpc-expert.ro\/wp-content\/uploads\/2025\/12\/Aplica-de-exterior-RANI-1xE27-aluminiu.webp","contentUrl":"https:\/\/wpc-expert.ro\/wp-content\/uploads\/2025\/12\/Aplica-de-exterior-RANI-1xE27-aluminiu.webp","width":1800,"height":1161},{"@type":"BreadcrumbList","@id":"https:\/\/wpc-expert.ro\/produse\/aplica-de-exterior-rani-1xe27-aluminiu\/#breadcrumb","itemListElement":[{"@type":"ListItem","position":1,"name":"Prima pagin\u0103","item":"https:\/\/wpc-expert.ro\/"},{"@type":"ListItem","position":2,"name":"Magazin","item":"https:\/\/wpc-expert.ro\/magazin\/"},{"@type":"ListItem","position":3,"name":"Aplica de exterior RANI, 1xE27, aluminiu"}]},{"@type":"WebSite","@id":"https:\/\/wpc-expert.ro\/#website","url":"https:\/\/wpc-expert.ro\/","name":"WPC Pro Expert","description":"Expertii profilelor WPC (lemn compozit) din judetul Brasov","publisher":{"@id":"https:\/\/wpc-expert.ro\/#organization"},"potentialAction":[{"@type":"SearchAction","target":{"@type":"EntryPoint","urlTemplate":"https:\/\/wpc-expert.ro\/?s={search_term_string}"},"query-input":{"@type":"PropertyValueSpecification","valueRequired":true,"valueName":"search_term_string"}}],"inLanguage":"en-US"},{"@type":"Organization","@id":"https:\/\/wpc-expert.ro\/#organization","name":"WPC Pro Expert","url":"https:\/\/wpc-expert.ro\/","logo":{"@type":"ImageObject","inLanguage":"en-US","@id":"https:\/\/wpc-expert.ro\/#\/schema\/logo\/image\/","url":"https:\/\/wpc-expert.ro\/wp-content\/uploads\/2024\/05\/wpc.jpg","contentUrl":"https:\/\/wpc-expert.ro\/wp-content\/uploads\/2024\/05\/wpc.jpg","width":299,"height":169,"caption":"WPC Pro Expert"},"image":{"@id":"https:\/\/wpc-expert.ro\/#\/schema\/logo\/image\/"}}]}},"_links":{"self":[{"href":"https:\/\/wpc-expert.ro\/en\/wp-json\/wp\/v2\/product\/3829","targetHints":{"allow":["GET"]}}],"collection":[{"href":"https:\/\/wpc-expert.ro\/en\/wp-json\/wp\/v2\/product"}],"about":[{"href":"https:\/\/wpc-expert.ro\/en\/wp-json\/wp\/v2\/types\/product"}],"wp:featuredmedia":[{"embeddable":true,"href":"https:\/\/wpc-expert.ro\/en\/wp-json\/wp\/v2\/media\/3830"}],"wp:attachment":[{"href":"https:\/\/wpc-expert.ro\/en\/wp-json\/wp\/v2\/media?parent=3829"}],"wp:term":[{"taxonomy":"product_brand","embeddable":true,"href":"https:\/\/wpc-expert.ro\/en\/wp-json\/wp\/v2\/product_brand?post=3829"},{"taxonomy":"product_cat","embeddable":true,"href":"https:\/\/wpc-expert.ro\/en\/wp-json\/wp\/v2\/product_cat?post=3829"},{"taxonomy":"product_tag","embeddable":true,"href":"https:\/\/wpc-expert.ro\/en\/wp-json\/wp\/v2\/product_tag?post=3829"}],"curies":[{"name":"wp","href":"https:\/\/api.w.org\/{rel}","templated":true}]}}